{"id":100,"date":"2023-10-19T14:38:34","date_gmt":"2023-10-19T12:38:34","guid":{"rendered":"http:\/\/wordpress2334367.home.pl\/autoinstalator\/wordpresspluslscache\/?page_id=100"},"modified":"2026-04-07T10:39:20","modified_gmt":"2026-04-07T08:39:20","slug":"badania-wody","status":"publish","type":"page","link":"https:\/\/pukg.pl\/?page_id=100","title":{"rendered":"Badania wody"},"content":{"rendered":"\n<h4 class=\"wp-block-heading\">JAKO\u015a\u0106&nbsp;WODY<\/h4>\n\n\n\n<p>Na uj\u0119ciach wody i sieci wodoci\u0105gowej jest na bie\u017c\u0105co kontrolowana przez Powiatow\u0105 Stacj\u0119 <br>Sanitarno-Epidemiologiczn\u0105 w Olsztynie.<a href=\"tel:\"><\/a><\/p>\n\n\n\n<h4 class=\"wp-block-heading\"><\/h4>\n\n\n\n<p>fizykochemiczne i bakteriologiczne nie przekraczaj\u0105 dopuszczalnych norm, jakim powinna odpowiada\u0107 woda przeznaczona do spo\u017cycia przez ludzi \u2013 Rozporz\u0105dzenie Ministra Zdrowia z dnia 07 grudnia 2017 roku (Dz. U.2017 poz. 2294).<\/p>\n\n\n\n<p>Starsze badania wody zosta\u0142y przeniesione do archiwum, kt\u00f3re jest dost\u0119pne <a href=\"https:\/\/pukg.pl\/?page_id=610\">tutaj<\/a>.<\/p>\n\n\n\n<p><strong>OCENA JAKO\u015aCI WODY W GMINIE GIETRZWA\u0141D &#8211; 2 KWIETNIA 2026<\/strong><\/p>\n\n\n\n<div data-wp-interactive=\"core\/file\" class=\"wp-block-file\"><object data-wp-bind--hidden=\"!state.hasPdfPreview\" hidden class=\"wp-block-file__embed\" data=\"https:\/\/pukg.pl\/wp-content\/uploads\/2026\/04\/ocena_jakosci_wody_gmina_Gietrzwald_2026.pdf\" type=\"application\/pdf\" style=\"width:100%;height:600px\" aria-label=\"Osadzone z ocena_jako\u015bci_wody_gmina_Gietrzwa\u0142d_2026.\"><\/object><a id=\"wp-block-file--media-2e022b7e-f59c-47c4-980f-8f4afa5c5f26\" href=\"https:\/\/pukg.pl\/wp-content\/uploads\/2026\/04\/ocena_jakosci_wody_gmina_Gietrzwald_2026.pdf\">ocena_jako\u015bci_wody_gmina_Gietrzwa\u0142d_2026<\/a><a href=\"https:\/\/pukg.pl\/wp-content\/uploads\/2026\/04\/ocena_jakosci_wody_gmina_Gietrzwald_2026.pdf\" class=\"wp-block-file__button wp-element-button\" download aria-describedby=\"wp-block-file--media-2e022b7e-f59c-47c4-980f-8f4afa5c5f26\">Pobierz<\/a><\/div>\n\n\n\n<p><strong>STACJA UZDATNIANIA WODY SZ\u0104BRUK &#8211; MARZEC 2026<\/strong> Mikrobiologia<\/p>\n\n\n\n<div data-wp-interactive=\"core\/file\" class=\"wp-block-file\"><object data-wp-bind--hidden=\"!state.hasPdfPreview\" hidden class=\"wp-block-file__embed\" data=\"https:\/\/pukg.pl\/wp-content\/uploads\/2026\/03\/SZABRUK-MIKROBIOLOGIA-MARZEC.pdf\" type=\"application\/pdf\" style=\"width:100%;height:600px\" aria-label=\"Osadzone z SZ\u0104BRUK MIKROBIOLOGIA MARZEC.\"><\/object><a id=\"wp-block-file--media-0a5629dd-22fd-4c88-89e7-a68efe397ebb\" href=\"https:\/\/pukg.pl\/wp-content\/uploads\/2026\/03\/SZABRUK-MIKROBIOLOGIA-MARZEC.pdf\">SZ\u0104BRUK MIKROBIOLOGIA MARZEC<\/a><a href=\"https:\/\/pukg.pl\/wp-content\/uploads\/2026\/03\/SZABRUK-MIKROBIOLOGIA-MARZEC.pdf\" class=\"wp-block-file__button wp-element-button\" download aria-describedby=\"wp-block-file--media-0a5629dd-22fd-4c88-89e7-a68efe397ebb\">Pobierz<\/a><\/div>\n\n\n\n<p><strong>STACJA UZDATNIANIA WODY SZ\u0104BRUK &#8211; STYCZE\u0143 2026<\/strong><\/p>\n\n\n\n<p> <a href=\"https:\/\/pukg.pl\/wp-content\/uploads\/2026\/02\/SUW-SZABRUK-STYCZEN-2026-MIKROBILOGIA-I-FIZYKOCHEMIA.pdf\" data-type=\"link\" data-id=\"https:\/\/pukg.pl\/wp-content\/uploads\/2025\/11\/SUW-SZABRUK.pdf\">Mikrobiologia i fizykochemia &#8211; PLIK PDF<\/a><\/p>\n\n\n\n<p><a href=\"https:\/\/pukg.pl\/wp-content\/uploads\/2026\/02\/metale-ciezkie-SUW-SZARUK-STYCZEN-2026.pdf\" data-type=\"link\" data-id=\"https:\/\/pukg.pl\/wp-content\/uploads\/2026\/02\/metale-ciezkie-SUW-SZARUK-STYCZEN-2026.pdf\">Metale ci\u0119\u017ckie &#8211; PLIK PDF<\/a><\/p>\n\n\n\n<p><strong>STACJA UZDATNIANIA WODY GIETRZWA\u0141D &#8211; MARZEC 2026<\/strong> Mikrobiologia<\/p>\n\n\n\n<div data-wp-interactive=\"core\/file\" class=\"wp-block-file\"><object data-wp-bind--hidden=\"!state.hasPdfPreview\" hidden class=\"wp-block-file__embed\" data=\"https:\/\/pukg.pl\/wp-content\/uploads\/2026\/03\/GIETRZWALD-MIKROBIOLOGIA-MARZEC.pdf\" type=\"application\/pdf\" style=\"width:100%;height:600px\" aria-label=\"Osadzone z GIETRZWALD MIKROBIOLOGIA MARZEC.\"><\/object><a id=\"wp-block-file--media-3a298317-8bf3-479c-baf5-4b2bf7714506\" href=\"https:\/\/pukg.pl\/wp-content\/uploads\/2026\/03\/GIETRZWALD-MIKROBIOLOGIA-MARZEC.pdf\">GIETRZWALD MIKROBIOLOGIA MARZEC<\/a><a href=\"https:\/\/pukg.pl\/wp-content\/uploads\/2026\/03\/GIETRZWALD-MIKROBIOLOGIA-MARZEC.pdf\" class=\"wp-block-file__button wp-element-button\" download aria-describedby=\"wp-block-file--media-3a298317-8bf3-479c-baf5-4b2bf7714506\">Pobierz<\/a><\/div>\n\n\n\n<p><strong>STACJA UZDATNIANIA WODY GIETRZWA\u0141D &#8211; STYCZE\u0143 2026<\/strong> <\/p>\n\n\n\n<p><a href=\"https:\/\/pukg.pl\/wp-content\/uploads\/2026\/02\/SUW-GIETRZWALD-STYCZEN-2026-MIKROBILOGIA-I-FIZYKOCHEMIA.pdf\" data-type=\"link\" data-id=\"https:\/\/pukg.pl\/wp-content\/uploads\/2026\/02\/SUW-GIETRZWALD-STYCZEN-2026-MIKROBILOGIA-I-FIZYKOCHEMIA.pdf\">Mikrobiologia i fizykochemia &#8211; PLIK PDF<\/a><\/p>\n\n\n\n<p>                                                                                                    <a href=\"https:\/\/pukg.pl\/wp-content\/uploads\/2026\/02\/metale-ciezkie-SUW-GIETRZWALD-STYCZEN-2026.pdf\" data-type=\"link\" data-id=\"https:\/\/pukg.pl\/wp-content\/uploads\/2026\/02\/metale-ciezkie-SUW-GIETRZWALD-STYCZEN-2026.pdf\">Metale ci\u0119\u017ckie &#8211; PLIK PDF<\/a><\/p>\n\n\n\n<p><strong>STACJA UZDATNIANIA WODY BIESAL &#8211; MARZEC 2026<\/strong> Mikrobiologia<\/p>\n\n\n\n<div data-wp-interactive=\"core\/file\" class=\"wp-block-file\"><object data-wp-bind--hidden=\"!state.hasPdfPreview\" hidden class=\"wp-block-file__embed\" data=\"https:\/\/pukg.pl\/wp-content\/uploads\/2026\/03\/BIESAL-MIKROBIOLOGIA-MARZEC.pdf\" type=\"application\/pdf\" style=\"width:100%;height:600px\" aria-label=\"Osadzone z BIESAL MIKROBIOLOGIA MARZEC.\"><\/object><a id=\"wp-block-file--media-d915e49c-cc98-4ba8-a5a4-7fdba2522715\" href=\"https:\/\/pukg.pl\/wp-content\/uploads\/2026\/03\/BIESAL-MIKROBIOLOGIA-MARZEC.pdf\">BIESAL MIKROBIOLOGIA MARZEC<\/a><a href=\"https:\/\/pukg.pl\/wp-content\/uploads\/2026\/03\/BIESAL-MIKROBIOLOGIA-MARZEC.pdf\" class=\"wp-block-file__button wp-element-button\" download aria-describedby=\"wp-block-file--media-d915e49c-cc98-4ba8-a5a4-7fdba2522715\">Pobierz<\/a><\/div>\n\n\n\n<p><strong>STACJA UZDATNIANIA WODY BIESAL &#8211; STYCZE\u0143 2026<\/strong><\/p>\n\n\n\n<p> <a href=\"https:\/\/pukg.pl\/wp-content\/uploads\/2026\/02\/SUW-BIESAL-STYCZEN-2026-MIKROBIOLOGIA-I-FIZYKOCHEMIA.pdf\" data-type=\"attachment\" data-id=\"661\">Mikrobiologia i fizykochemia &#8211; PLIK PDF<\/a><\/p>\n\n\n\n<p>                                                                                         <a href=\"https:\/\/pukg.pl\/wp-content\/uploads\/2026\/02\/SUW-BIESAL-STYCZEN-2026-METALE-CIEZKIE.pdf\" data-type=\"link\" data-id=\"https:\/\/pukg.pl\/wp-content\/uploads\/2026\/02\/SUW-BIESAL-STYCZEN-2026-METALE-CIEZKIE.pdf\">Metale ci\u0119\u017ckie &#8211; PLIK PDF<\/a><\/p>\n\n\n\n<figure class=\"wp-block-gallery has-nested-images columns-default is-cropped wp-block-gallery-1 is-layout-flex wp-block-gallery-is-layout-flex\"><\/figure>\n\n\n\n\n\n<figure class=\"wp-block-gallery has-nested-images columns-default is-cropped wp-block-gallery-2 is-layout-flex wp-block-gallery-is-layout-flex\"><\/figure>\n\n\n\n<p>BADANIA WODY MARZEC 2025<\/p>\n\n\n\n<div data-wp-interactive=\"core\/file\" class=\"wp-block-file\"><object data-wp-bind--hidden=\"!state.hasPdfPreview\" hidden class=\"wp-block-file__embed\" data=\"https:\/\/pukg.pl\/wp-content\/uploads\/2025\/04\/MARZEC-2025-SUW-SZABRUK.pdf\" type=\"application\/pdf\" style=\"width:100%;height:600px\" aria-label=\"Osadzone z MARZEC 2025 - SUW SZ\u0104BRUK.\"><\/object><a id=\"wp-block-file--media-426d2b9c-1fec-4d40-87d7-7ee2840143f3\" href=\"https:\/\/pukg.pl\/wp-content\/uploads\/2025\/04\/MARZEC-2025-SUW-SZABRUK.pdf\">MARZEC 2025 &#8211; SUW SZ\u0104BRUK<\/a><a href=\"https:\/\/pukg.pl\/wp-content\/uploads\/2025\/04\/MARZEC-2025-SUW-SZABRUK.pdf\" class=\"wp-block-file__button wp-element-button\" download aria-describedby=\"wp-block-file--media-426d2b9c-1fec-4d40-87d7-7ee2840143f3\">Pobierz<\/a><\/div>\n\n\n\n<p>BADANIA WODY STYCZE\u0143 2025<\/p>\n\n\n\n<div data-wp-interactive=\"core\/file\" class=\"wp-block-file\"><object data-wp-bind--hidden=\"!state.hasPdfPreview\" hidden class=\"wp-block-file__embed\" data=\"https:\/\/pukg.pl\/wp-content\/uploads\/2025\/02\/SUW-SZABRUK-MIKROBIOLOGIA.pdf\" type=\"application\/pdf\" style=\"width:100%;height:600px\" aria-label=\"Osadzone z SUW SZ\u0104BRUK MIKROBIOLOGIA.\"><\/object><a id=\"wp-block-file--media-361ff26c-8e8e-4a58-a03f-0f58b8a87c28\" href=\"https:\/\/pukg.pl\/wp-content\/uploads\/2025\/02\/SUW-SZABRUK-MIKROBIOLOGIA.pdf\">SUW SZ\u0104BRUK MIKROBIOLOGIA<\/a><a href=\"https:\/\/pukg.pl\/wp-content\/uploads\/2025\/02\/SUW-SZABRUK-MIKROBIOLOGIA.pdf\" class=\"wp-block-file__button wp-element-button\" download aria-describedby=\"wp-block-file--media-361ff26c-8e8e-4a58-a03f-0f58b8a87c28\">Pobierz<\/a><\/div>\n\n\n\n<div data-wp-interactive=\"core\/file\" class=\"wp-block-file\"><object data-wp-bind--hidden=\"!state.hasPdfPreview\" hidden class=\"wp-block-file__embed\" data=\"https:\/\/pukg.pl\/wp-content\/uploads\/2025\/02\/SUW-SZABRUK-SPRAWOZDANIA-Z-BADAN-STYCZEN-2025.pdf\" type=\"application\/pdf\" style=\"width:100%;height:600px\" aria-label=\"Osadzone z SUW SZ\u0104BRUK SPRAWOZDANIA Z BADA\u0143 STYCZE\u0143 2025.\"><\/object><a id=\"wp-block-file--media-b640f643-17eb-4117-8a07-69b078e6bf8c\" href=\"https:\/\/pukg.pl\/wp-content\/uploads\/2025\/02\/SUW-SZABRUK-SPRAWOZDANIA-Z-BADAN-STYCZEN-2025.pdf\">SUW SZ\u0104BRUK SPRAWOZDANIA Z BADA\u0143 STYCZE\u0143 2025<\/a><a href=\"https:\/\/pukg.pl\/wp-content\/uploads\/2025\/02\/SUW-SZABRUK-SPRAWOZDANIA-Z-BADAN-STYCZEN-2025.pdf\" class=\"wp-block-file__button wp-element-button\" download aria-describedby=\"wp-block-file--media-b640f643-17eb-4117-8a07-69b078e6bf8c\">Pobierz<\/a><\/div>\n\n\n\n<div data-wp-interactive=\"core\/file\" class=\"wp-block-file\"><object data-wp-bind--hidden=\"!state.hasPdfPreview\" hidden class=\"wp-block-file__embed\" data=\"https:\/\/pukg.pl\/wp-content\/uploads\/2025\/01\/wyniki-27.01.2025.pdf\" type=\"application\/pdf\" style=\"width:100%;height:600px\" aria-label=\"Osadzone z wyniki 27.01.2025.\"><\/object><a id=\"wp-block-file--media-3f67ee01-0012-4fdc-b624-86d224d21ebd\" href=\"https:\/\/pukg.pl\/wp-content\/uploads\/2025\/01\/wyniki-27.01.2025.pdf\">wyniki 27.01.2025<\/a><a href=\"https:\/\/pukg.pl\/wp-content\/uploads\/2025\/01\/wyniki-27.01.2025.pdf\" class=\"wp-block-file__button wp-element-button\" download aria-describedby=\"wp-block-file--media-3f67ee01-0012-4fdc-b624-86d224d21ebd\">Pobierz<\/a><\/div>\n\n\n\n<p><strong>STACJA UZDATNIANIA WODY GIETRZWA\u0141D ROK 2025<\/strong><\/p>\n\n\n\n<p>MARZEC 2025<\/p>\n\n\n\n<div data-wp-interactive=\"core\/file\" class=\"wp-block-file\"><object data-wp-bind--hidden=\"!state.hasPdfPreview\" hidden class=\"wp-block-file__embed\" data=\"https:\/\/pukg.pl\/wp-content\/uploads\/2025\/04\/MARZEC-2025-SPRAWOZDANIA-SUW-GIETRZWALD.pdf\" type=\"application\/pdf\" style=\"width:100%;height:600px\" aria-label=\"Osadzone z MARZEC 2025 - SPRAWOZDANIA SUW GIETRZWA\u0141D.\"><\/object><a id=\"wp-block-file--media-f6aebf15-740e-4c6a-bbcb-00e7f982a5d5\" href=\"https:\/\/pukg.pl\/wp-content\/uploads\/2025\/04\/MARZEC-2025-SPRAWOZDANIA-SUW-GIETRZWALD.pdf\">MARZEC 2025 &#8211; SPRAWOZDANIA SUW GIETRZWA\u0141D<\/a><a href=\"https:\/\/pukg.pl\/wp-content\/uploads\/2025\/04\/MARZEC-2025-SPRAWOZDANIA-SUW-GIETRZWALD.pdf\" class=\"wp-block-file__button wp-element-button\" download aria-describedby=\"wp-block-file--media-f6aebf15-740e-4c6a-bbcb-00e7f982a5d5\">Pobierz<\/a><\/div>\n\n\n\n<p>STYCZE\u0143 2025<\/p>\n\n\n\n<div data-wp-interactive=\"core\/file\" class=\"wp-block-file\"><object data-wp-bind--hidden=\"!state.hasPdfPreview\" hidden class=\"wp-block-file__embed\" data=\"https:\/\/pukg.pl\/wp-content\/uploads\/2025\/02\/SUW-GIETRZWALD-SPRAWOZDANIA-Z-BADAN-STYCZEN-2025.pdf\" type=\"application\/pdf\" style=\"width:100%;height:600px\" aria-label=\"Osadzone z SUW GIETRZWA\u0141D SPRAWOZDANIA Z BADA\u0143 STYCZE\u0143 2025.\"><\/object><a id=\"wp-block-file--media-fe608428-dc08-4b06-8e11-5f2242111c4c\" href=\"https:\/\/pukg.pl\/wp-content\/uploads\/2025\/02\/SUW-GIETRZWALD-SPRAWOZDANIA-Z-BADAN-STYCZEN-2025.pdf\">SUW GIETRZWA\u0141D SPRAWOZDANIA Z BADA\u0143 STYCZE\u0143 2025<\/a><a href=\"https:\/\/pukg.pl\/wp-content\/uploads\/2025\/02\/SUW-GIETRZWALD-SPRAWOZDANIA-Z-BADAN-STYCZEN-2025.pdf\" class=\"wp-block-file__button wp-element-button\" download aria-describedby=\"wp-block-file--media-fe608428-dc08-4b06-8e11-5f2242111c4c\">Pobierz<\/a><\/div>\n\n\n\n<p><strong>STACJA UZDATNIANIA WODY BIESAL ROK 2025<\/strong><\/p>\n\n\n\n<p>MARZEC 2025<\/p>\n\n\n\n<div data-wp-interactive=\"core\/file\" class=\"wp-block-file\"><object data-wp-bind--hidden=\"!state.hasPdfPreview\" hidden class=\"wp-block-file__embed\" data=\"https:\/\/pukg.pl\/wp-content\/uploads\/2025\/04\/MARZEC-2025-SUW-BIESAL.pdf\" type=\"application\/pdf\" style=\"width:100%;height:600px\" aria-label=\"Osadzone z MARZEC 2025 - SUW BIESAL.\"><\/object><a id=\"wp-block-file--media-019576b0-af5a-4e17-bc89-de4ef2d91549\" href=\"https:\/\/pukg.pl\/wp-content\/uploads\/2025\/04\/MARZEC-2025-SUW-BIESAL.pdf\">MARZEC 2025 &#8211; SUW BIESAL<\/a><a href=\"https:\/\/pukg.pl\/wp-content\/uploads\/2025\/04\/MARZEC-2025-SUW-BIESAL.pdf\" class=\"wp-block-file__button wp-element-button\" download aria-describedby=\"wp-block-file--media-019576b0-af5a-4e17-bc89-de4ef2d91549\">Pobierz<\/a><\/div>\n\n\n\n<p>STYCZE\u0143 2025<\/p>\n\n\n\n<div data-wp-interactive=\"core\/file\" class=\"wp-block-file\"><object data-wp-bind--hidden=\"!state.hasPdfPreview\" hidden class=\"wp-block-file__embed\" data=\"https:\/\/pukg.pl\/wp-content\/uploads\/2025\/02\/SUW-BIESAL-SPRAWOZDANIA-Z-BADAN-STYCZEN-2025.pdf\" type=\"application\/pdf\" style=\"width:100%;height:600px\" aria-label=\"Osadzone z SUW BIESAL SPRAWOZDANIA Z BADA\u0143 STYCZE\u0143 2025.\"><\/object><a id=\"wp-block-file--media-9b96e822-14e9-4901-9479-0bd71e5ef736\" href=\"https:\/\/pukg.pl\/wp-content\/uploads\/2025\/02\/SUW-BIESAL-SPRAWOZDANIA-Z-BADAN-STYCZEN-2025.pdf\">SUW BIESAL SPRAWOZDANIA Z BADA\u0143 STYCZE\u0143 2025<\/a><a href=\"https:\/\/pukg.pl\/wp-content\/uploads\/2025\/02\/SUW-BIESAL-SPRAWOZDANIA-Z-BADAN-STYCZEN-2025.pdf\" class=\"wp-block-file__button wp-element-button\" download aria-describedby=\"wp-block-file--media-9b96e822-14e9-4901-9479-0bd71e5ef736\">Pobierz<\/a><\/div>\n","protected":false},"excerpt":{"rendered":"<p>JAKO\u015a\u0106&nbsp;WODY Na uj\u0119ciach wody i sieci wodoci\u0105gowej jest na bie\u017c\u0105co kontrolowana przez Powiatow\u0105 Stacj\u0119 Sanitarno-Epidemiologiczn\u0105 w Olsztynie. fizykochemiczne i bakteriologiczne nie przekraczaj\u0105 dopuszczalnych norm, jakim powinna odpowiada\u0107 woda przeznaczona do spo\u017cycia przez ludzi \u2013 Rozporz\u0105dzenie Ministra Zdrowia z dnia 07 grudnia 2017 roku (Dz. U.2017 poz. 2294). Starsze badania wody zosta\u0142y przeniesione do archiwum, kt\u00f3re [&hellip;]<\/p>\n","protected":false},"author":2,"featured_media":0,"parent":0,"menu_order":0,"comment_status":"closed","ping_status":"closed","template":"","meta":{"footnotes":""},"class_list":["post-100","page","type-page","status-publish","hentry"],"_links":{"self":[{"href":"https:\/\/pukg.pl\/index.php?rest_route=\/wp\/v2\/pages\/100","targetHints":{"allow":["GET"]}}],"collection":[{"href":"https:\/\/pukg.pl\/index.php?rest_route=\/wp\/v2\/pages"}],"about":[{"href":"https:\/\/pukg.pl\/index.php?rest_route=\/wp\/v2\/types\/page"}],"author":[{"embeddable":true,"href":"https:\/\/pukg.pl\/index.php?rest_route=\/wp\/v2\/users\/2"}],"replies":[{"embeddable":true,"href":"https:\/\/pukg.pl\/index.php?rest_route=%2Fwp%2Fv2%2Fcomments&post=100"}],"version-history":[{"count":74,"href":"https:\/\/pukg.pl\/index.php?rest_route=\/wp\/v2\/pages\/100\/revisions"}],"predecessor-version":[{"id":791,"href":"https:\/\/pukg.pl\/index.php?rest_route=\/wp\/v2\/pages\/100\/revisions\/791"}],"wp:attachment":[{"href":"https:\/\/pukg.pl\/index.php?rest_route=%2Fwp%2Fv2%2Fmedia&parent=100"}],"curies":[{"name":"wp","href":"https:\/\/api.w.org\/{rel}","templated":true}]}}