{"id":127,"date":"2023-11-13T12:27:20","date_gmt":"2023-11-13T11:27:20","guid":{"rendered":"https:\/\/wordpress2334367.home.pl\/autoinstalator\/wordpresspluslscache\/?page_id=127"},"modified":"2026-03-30T12:58:15","modified_gmt":"2026-03-30T10:58:15","slug":"aktualnosci","status":"publish","type":"page","link":"https:\/\/pukg.pl\/?page_id=127","title":{"rendered":"Aktualno\u015bci"},"content":{"rendered":"\n<p><strong>Informacja o dy\u017curach telefonicznych \u2013 awarie sieci wodoci\u0105gowej<\/strong><strong> i sieci kanalizacji sanitarnej<\/strong><\/p>\n\n\n\n<p><\/p>\n\n\n\n<p>Szanowni Pa\u0144stwo,<\/p>\n\n\n\n<p>informujemy, \u017ce w zwi\u0105zku z konieczno\u015bci\u0105 zapewnienia sprawnej obs\u0142ugi zg\u0142osze\u0144 dotycz\u0105cych awarii g\u0142\u00f3wnej sieci wodoci\u0105gowej przesy\u0142owej i rozdzielczej oraz przesy\u0142owej i rozdzielczej sieci kanalizacji sanitarnej, wprowadzono sta\u0142e dy\u017cury telefoniczne.<\/p>\n\n\n\n<p>Dy\u017cury pe\u0142nione s\u0105 7 dni w tygodniu, <strong>pod numerem telefonu 89&nbsp;512 35 10<\/strong>, w nast\u0119puj\u0105cych godzinach:<\/p>\n\n\n\n<ul class=\"wp-block-list\">\n<li>od poniedzia\u0142ku do pi\u0105tku: <strong>15:00 \u2013 2<\/strong><strong>2:00<\/strong><\/li>\n\n\n\n<li>w soboty i niedziele: <strong>6:00 \u2013 2<\/strong><strong>2:00<\/strong><\/li>\n<\/ul>\n\n\n\n<p>W wyznaczonych godzinach prosimy o zg\u0142aszanie wszelkich awarii oraz nieprawid\u0142owo\u015bci w funkcjonowaniu sieci wodoci\u0105gowej i sieci kanalizacji sanitarnej pod wskazanym numerem telefonu.<\/p>\n\n\n\n<p>W przypadku awarii przy\u0142\u0105czy wodno-kanalizacyjnych w obr\u0119bie nieruchomo\u015bci odbiorcy us\u0142ug prosimy o korzystanie z us\u0142ug komercyjnego pogotowia wodno-kanalizacyjnego.<\/p>\n\n\n\n<p>Dzi\u0119kujemy za wsp\u00f3\u0142prac\u0119 i pomoc w utrzymaniu sprawnego dzia\u0142ania infrastruktury wodno- kanalizacyjnej.<\/p>\n\n\n\n<p><\/p>\n\n\n\n<p><\/p>\n\n\n\n<p><\/p>\n\n\n\n<div data-wp-interactive=\"core\/file\" class=\"wp-block-file\"><object data-wp-bind--hidden=\"!state.hasPdfPreview\" hidden class=\"wp-block-file__embed\" data=\"https:\/\/pukg.pl\/wp-content\/uploads\/2025\/01\/dec.wygaszajaca-28-01-2025.pdf\" type=\"application\/pdf\" style=\"width:100%;height:600px\" aria-label=\"Osadzone z dec.wygaszaj\u0105ca 28 01 2025.\"><\/object><a id=\"wp-block-file--media-dd04f46c-e420-4fc4-969d-c5ca1eabd350\" href=\"https:\/\/pukg.pl\/wp-content\/uploads\/2025\/01\/dec.wygaszajaca-28-01-2025.pdf\">dec.wygaszaj\u0105ca 28 01 2025<\/a><a href=\"https:\/\/pukg.pl\/wp-content\/uploads\/2025\/01\/dec.wygaszajaca-28-01-2025.pdf\" class=\"wp-block-file__button wp-element-button\" download aria-describedby=\"wp-block-file--media-dd04f46c-e420-4fc4-969d-c5ca1eabd350\">Pobierz<\/a><\/div>\n","protected":false},"excerpt":{"rendered":"<p>Informacja o dy\u017curach telefonicznych \u2013 awarie sieci wodoci\u0105gowej i sieci kanalizacji sanitarnej Szanowni Pa\u0144stwo, informujemy, \u017ce w zwi\u0105zku z konieczno\u015bci\u0105 zapewnienia sprawnej obs\u0142ugi zg\u0142osze\u0144 dotycz\u0105cych awarii g\u0142\u00f3wnej sieci wodoci\u0105gowej przesy\u0142owej i rozdzielczej oraz przesy\u0142owej i rozdzielczej sieci kanalizacji sanitarnej, wprowadzono sta\u0142e dy\u017cury telefoniczne. Dy\u017cury pe\u0142nione s\u0105 7 dni w tygodniu, pod numerem telefonu 89&nbsp;512 35 [&hellip;]<\/p>\n","protected":false},"author":2,"featured_media":0,"parent":0,"menu_order":0,"comment_status":"closed","ping_status":"closed","template":"","meta":{"footnotes":""},"class_list":["post-127","page","type-page","status-publish","hentry"],"_links":{"self":[{"href":"https:\/\/pukg.pl\/index.php?rest_route=\/wp\/v2\/pages\/127","targetHints":{"allow":["GET"]}}],"collection":[{"href":"https:\/\/pukg.pl\/index.php?rest_route=\/wp\/v2\/pages"}],"about":[{"href":"https:\/\/pukg.pl\/index.php?rest_route=\/wp\/v2\/types\/page"}],"author":[{"embeddable":true,"href":"https:\/\/pukg.pl\/index.php?rest_route=\/wp\/v2\/users\/2"}],"replies":[{"embeddable":true,"href":"https:\/\/pukg.pl\/index.php?rest_route=%2Fwp%2Fv2%2Fcomments&post=127"}],"version-history":[{"count":12,"href":"https:\/\/pukg.pl\/index.php?rest_route=\/wp\/v2\/pages\/127\/revisions"}],"predecessor-version":[{"id":782,"href":"https:\/\/pukg.pl\/index.php?rest_route=\/wp\/v2\/pages\/127\/revisions\/782"}],"wp:attachment":[{"href":"https:\/\/pukg.pl\/index.php?rest_route=%2Fwp%2Fv2%2Fmedia&parent=127"}],"curies":[{"name":"wp","href":"https:\/\/api.w.org\/{rel}","templated":true}]}}