{"id":130,"date":"2023-11-13T12:31:50","date_gmt":"2023-11-13T11:31:50","guid":{"rendered":"https:\/\/wordpress2334367.home.pl\/autoinstalator\/wordpresspluslscache\/?page_id=130"},"modified":"2023-11-13T14:19:34","modified_gmt":"2023-11-13T13:19:34","slug":"strefa-klienta","status":"publish","type":"page","link":"https:\/\/pukg.pl\/?page_id=130","title":{"rendered":"Strefa Klienta"},"content":{"rendered":"\n<h4 class=\"wp-block-heading\">Informujemy, i\u017c odczyt wodomierza mo\u017cna poda\u0107:<\/h4>\n\n\n\n<p>\u2013 osobi\u015bcie w siedzibie Przedsi\u0119biorstwa Us\u0142ug Komunalnych Gietrzwa\u0142d Sp. z o.o., ul. Szkolna 8 w Gietrzwa\u0142dzie,<\/p>\n\n\n\n<p>\u2013 telefonicznie pod nr 89 512 35 10,<\/p>\n\n\n\n<p>\u2013 mailowo na adres\u00a0<a href=\"mailto:woda@gietrzwald.pl\">woda@gietrzwald.pl<\/a><\/p>\n\n\n\n<p><\/p>\n\n\n\n<p><\/p>\n\n\n\n<h5 class=\"wp-block-heading\"><strong>Dokonuj\u0105c odczytu wodomierza nale\u017cy podawa\u0107 tylko\u00a0czarne cyfry\u00a0(czytane od lewej strony licznika\u00a0(\u0142\u0105cznie z zerami), kt\u00f3re oznaczaj\u0105 zu\u017cycie wody w pe\u0142nych metrach sze\u015bciennych.<\/strong><\/h5>\n\n\n<div class=\"wp-block-image\">\n<figure class=\"aligncenter size-full\"><img loading=\"lazy\" decoding=\"async\" width=\"547\" height=\"290\" src=\"https:\/\/wordpress2334367.home.pl\/autoinstalator\/wordpresspluslscache\/wp-content\/uploads\/2023\/11\/jak_odczytac.png\" alt=\"\" class=\"wp-image-131\" srcset=\"https:\/\/pukg.pl\/wp-content\/uploads\/2023\/11\/jak_odczytac.png 547w, https:\/\/pukg.pl\/wp-content\/uploads\/2023\/11\/jak_odczytac-300x159.png 300w\" sizes=\"auto, (max-width: 547px) 100vw, 547px\" \/><\/figure>\n<\/div>","protected":false},"excerpt":{"rendered":"<p>Informujemy, i\u017c odczyt wodomierza mo\u017cna poda\u0107: \u2013 osobi\u015bcie w siedzibie Przedsi\u0119biorstwa Us\u0142ug Komunalnych Gietrzwa\u0142d Sp. z o.o., ul. Szkolna 8 w Gietrzwa\u0142dzie, \u2013 telefonicznie pod nr 89 512 35 10, \u2013 mailowo na adres\u00a0woda@gietrzwald.pl Dokonuj\u0105c odczytu wodomierza nale\u017cy podawa\u0107 tylko\u00a0czarne cyfry\u00a0(czytane od lewej strony licznika\u00a0(\u0142\u0105cznie z zerami), kt\u00f3re oznaczaj\u0105 zu\u017cycie wody w pe\u0142nych metrach sze\u015bciennych.<\/p>\n","protected":false},"author":2,"featured_media":0,"parent":0,"menu_order":0,"comment_status":"closed","ping_status":"closed","template":"","meta":{"footnotes":""},"class_list":["post-130","page","type-page","status-publish","hentry"],"_links":{"self":[{"href":"https:\/\/pukg.pl\/index.php?rest_route=\/wp\/v2\/pages\/130","targetHints":{"allow":["GET"]}}],"collection":[{"href":"https:\/\/pukg.pl\/index.php?rest_route=\/wp\/v2\/pages"}],"about":[{"href":"https:\/\/pukg.pl\/index.php?rest_route=\/wp\/v2\/types\/page"}],"author":[{"embeddable":true,"href":"https:\/\/pukg.pl\/index.php?rest_route=\/wp\/v2\/users\/2"}],"replies":[{"embeddable":true,"href":"https:\/\/pukg.pl\/index.php?rest_route=%2Fwp%2Fv2%2Fcomments&post=130"}],"version-history":[{"count":2,"href":"https:\/\/pukg.pl\/index.php?rest_route=\/wp\/v2\/pages\/130\/revisions"}],"predecessor-version":[{"id":145,"href":"https:\/\/pukg.pl\/index.php?rest_route=\/wp\/v2\/pages\/130\/revisions\/145"}],"wp:attachment":[{"href":"https:\/\/pukg.pl\/index.php?rest_route=%2Fwp%2Fv2%2Fmedia&parent=130"}],"curies":[{"name":"wp","href":"https:\/\/api.w.org\/{rel}","templated":true}]}}