{"id":134,"date":"2023-11-13T13:06:00","date_gmt":"2023-11-13T12:06:00","guid":{"rendered":"https:\/\/wordpress2334367.home.pl\/autoinstalator\/wordpresspluslscache\/?page_id=134"},"modified":"2025-09-05T07:19:43","modified_gmt":"2025-09-05T05:19:43","slug":"pracuj-u-nas","status":"publish","type":"page","link":"https:\/\/pukg.pl\/?page_id=134","title":{"rendered":"Pracuj u nas"},"content":{"rendered":"\n<p>Obecnie brak og\u0142osze\u0144 do wy\u015bwietlenia.<\/p>\n\n\n\n<div class=\"wp-block-columns is-layout-flex wp-container-core-columns-is-layout-9d6595d7 wp-block-columns-is-layout-flex\">\n<div class=\"wp-block-column is-layout-flow wp-block-column-is-layout-flow\">\n<p><\/p>\n\n\n\n<p><\/p>\n\n\n\n<p><\/p>\n<\/div>\n<\/div>\n","protected":false},"excerpt":{"rendered":"<p>Obecnie brak og\u0142osze\u0144 do wy\u015bwietlenia.<\/p>\n","protected":false},"author":2,"featured_media":0,"parent":0,"menu_order":0,"comment_status":"closed","ping_status":"closed","template":"","meta":{"footnotes":""},"class_list":["post-134","page","type-page","status-publish","hentry"],"_links":{"self":[{"href":"https:\/\/pukg.pl\/index.php?rest_route=\/wp\/v2\/pages\/134","targetHints":{"allow":["GET"]}}],"collection":[{"href":"https:\/\/pukg.pl\/index.php?rest_route=\/wp\/v2\/pages"}],"about":[{"href":"https:\/\/pukg.pl\/index.php?rest_route=\/wp\/v2\/types\/page"}],"author":[{"embeddable":true,"href":"https:\/\/pukg.pl\/index.php?rest_route=\/wp\/v2\/users\/2"}],"replies":[{"embeddable":true,"href":"https:\/\/pukg.pl\/index.php?rest_route=%2Fwp%2Fv2%2Fcomments&post=134"}],"version-history":[{"count":8,"href":"https:\/\/pukg.pl\/index.php?rest_route=\/wp\/v2\/pages\/134\/revisions"}],"predecessor-version":[{"id":656,"href":"https:\/\/pukg.pl\/index.php?rest_route=\/wp\/v2\/pages\/134\/revisions\/656"}],"wp:attachment":[{"href":"https:\/\/pukg.pl\/index.php?rest_route=%2Fwp%2Fv2%2Fmedia&parent=134"}],"curies":[{"name":"wp","href":"https:\/\/api.w.org\/{rel}","templated":true}]}}