{"id":184,"date":"2023-11-15T13:00:27","date_gmt":"2023-11-15T12:00:27","guid":{"rendered":"https:\/\/pukg.pl\/?page_id=184"},"modified":"2026-03-26T11:37:04","modified_gmt":"2026-03-26T10:37:04","slug":"warunki-wod-kan","status":"publish","type":"page","link":"https:\/\/pukg.pl\/?page_id=184","title":{"rendered":"Warunki WOD-KAN"},"content":{"rendered":"\n<div class=\"wp-block-file\"><a id=\"wp-block-file--media-ca1d8d4f-2ae1-4586-934d-a6ead33e9029\" href=\"https:\/\/pukg.pl\/wp-content\/uploads\/2025\/12\/Wniosek-promesa.pdf\" target=\"_blank\" rel=\"noreferrer noopener\"><strong>Wniosek promesa<\/strong><\/a><a href=\"https:\/\/pukg.pl\/wp-content\/uploads\/2025\/12\/Wniosek-promesa.pdf\" class=\"wp-block-file__button wp-element-button\" download aria-describedby=\"wp-block-file--media-ca1d8d4f-2ae1-4586-934d-a6ead33e9029\">Pobierz<\/a><\/div>\n\n\n\n<div class=\"wp-block-file\"><a id=\"wp-block-file--media-eb0cf640-09a6-47ff-9e27-761bbee0ab54\" href=\"https:\/\/pukg.pl\/wp-content\/uploads\/2026\/03\/ZLECENIE-WYDANIA3.pdf\" target=\"_blank\" rel=\"noreferrer noopener\"><strong>Zlecenie wydania warunk\u00f3w technicznych<\/strong><\/a><a href=\"https:\/\/pukg.pl\/wp-content\/uploads\/2026\/03\/ZLECENIE-WYDANIA3.pdf\" class=\"wp-block-file__button wp-element-button\" download aria-describedby=\"wp-block-file--media-eb0cf640-09a6-47ff-9e27-761bbee0ab54\">Pobierz<\/a><\/div>\n\n\n\n<div class=\"wp-block-file\"><a id=\"wp-block-file--media-92ffaa87-1d19-4b0a-b887-11c9c671ac9d\" href=\"https:\/\/pukg.pl\/wp-content\/uploads\/2023\/11\/Wniosek-o-wydanie-warunkow-technicznych-podwodomierz.pdf\" target=\"_blank\" rel=\"noreferrer noopener\"><strong>Wniosek o wydanie warunk\u00f3w technicznych &#8211; podwodomierz<\/strong><\/a><a href=\"https:\/\/pukg.pl\/wp-content\/uploads\/2023\/11\/Wniosek-o-wydanie-warunkow-technicznych-podwodomierz.pdf\" class=\"wp-block-file__button wp-element-button\" download aria-describedby=\"wp-block-file--media-92ffaa87-1d19-4b0a-b887-11c9c671ac9d\">Pobierz<\/a><\/div>\n\n\n\n<div class=\"wp-block-file\"><a id=\"wp-block-file--media-80aa1c31-0f9c-49f6-8e1c-0e1b03ae31d5\" href=\"https:\/\/pukg.pl\/wp-content\/uploads\/2023\/11\/Oswiadczenie-kierownika.pdf\" target=\"_blank\" rel=\"noreferrer noopener\"><strong>O\u015bwiadczenie kierownika<\/strong><\/a><a href=\"https:\/\/pukg.pl\/wp-content\/uploads\/2023\/11\/Oswiadczenie-kierownika.pdf\" class=\"wp-block-file__button wp-element-button\" download aria-describedby=\"wp-block-file--media-80aa1c31-0f9c-49f6-8e1c-0e1b03ae31d5\">Pobierz<\/a><\/div>\n\n\n\n<div class=\"wp-block-file\"><a id=\"wp-block-file--media-6d84f769-ce73-4f76-8909-4ddca8df5ded\" href=\"https:\/\/pukg.pl\/wp-content\/uploads\/2023\/11\/Oswiadczenie-gwarancyjne.pdf\" target=\"_blank\" rel=\"noreferrer noopener\"><strong>O\u015bwiadczenie gwarancyjne<\/strong><\/a><a href=\"https:\/\/pukg.pl\/wp-content\/uploads\/2023\/11\/Oswiadczenie-gwarancyjne.pdf\" class=\"wp-block-file__button wp-element-button\" download aria-describedby=\"wp-block-file--media-6d84f769-ce73-4f76-8909-4ddca8df5ded\">Pobierz<\/a><\/div>\n\n\n\n<div class=\"wp-block-file\"><a id=\"wp-block-file--media-5a6c5a53-4912-45c6-be42-7410fbf4dd9a\" href=\"https:\/\/pukg.pl\/wp-content\/uploads\/2023\/11\/Informacje-o-odbiorach-przylaczy-wod-kan-warunki-jakie-nalezy-spelniac.pdf\" target=\"_blank\" rel=\"noreferrer noopener\"><strong>Informacje o odbiorach przy\u0142\u0105czy WOD-KAN<\/strong><\/a><a href=\"https:\/\/pukg.pl\/wp-content\/uploads\/2023\/11\/Informacje-o-odbiorach-przylaczy-wod-kan-warunki-jakie-nalezy-spelniac.pdf\" class=\"wp-block-file__button wp-element-button\" download aria-describedby=\"wp-block-file--media-5a6c5a53-4912-45c6-be42-7410fbf4dd9a\">Pobierz<\/a><\/div>\n\n\n\n<div class=\"wp-block-file\"><a id=\"wp-block-file--media-1b18d680-882c-444a-b5fb-f6454d05f616\" href=\"https:\/\/pukg.pl\/wp-content\/uploads\/2025\/12\/Wniosek-o-protokol-z-odbioru-wstepnego.pdf\" target=\"_blank\" rel=\"noreferrer noopener\"><strong>Wniosek o protok\u00f3\u0142 z odbioru wst\u0119pnego<\/strong><\/a><a href=\"https:\/\/pukg.pl\/wp-content\/uploads\/2025\/12\/Wniosek-o-protokol-z-odbioru-wstepnego.pdf\" class=\"wp-block-file__button wp-element-button\" download aria-describedby=\"wp-block-file--media-1b18d680-882c-444a-b5fb-f6454d05f616\">Pobierz<\/a><\/div>\n\n\n\n<div class=\"wp-block-file\"><a id=\"wp-block-file--media-3e4bc030-7dc4-44ee-8070-ff45d0fd398e\" href=\"https:\/\/pukg.pl\/wp-content\/uploads\/2025\/12\/Wniosek-o-protokol-z-odbioru-technicznego-koncowego.pdf\" target=\"_blank\" rel=\"noreferrer noopener\"><strong>Wniosek o protok\u00f3\u0142 z odbioru technicznego ko\u0144cowego<\/strong><\/a><a href=\"https:\/\/pukg.pl\/wp-content\/uploads\/2025\/12\/Wniosek-o-protokol-z-odbioru-technicznego-koncowego.pdf\" class=\"wp-block-file__button wp-element-button\" download aria-describedby=\"wp-block-file--media-3e4bc030-7dc4-44ee-8070-ff45d0fd398e\">Pobierz<\/a><\/div>\n\n\n\n<p><\/p>\n\n\n\n<p><\/p>\n","protected":false},"excerpt":{"rendered":"","protected":false},"author":3,"featured_media":0,"parent":0,"menu_order":0,"comment_status":"closed","ping_status":"closed","template":"","meta":{"footnotes":""},"class_list":["post-184","page","type-page","status-publish","hentry"],"_links":{"self":[{"href":"https:\/\/pukg.pl\/index.php?rest_route=\/wp\/v2\/pages\/184","targetHints":{"allow":["GET"]}}],"collection":[{"href":"https:\/\/pukg.pl\/index.php?rest_route=\/wp\/v2\/pages"}],"about":[{"href":"https:\/\/pukg.pl\/index.php?rest_route=\/wp\/v2\/types\/page"}],"author":[{"embeddable":true,"href":"https:\/\/pukg.pl\/index.php?rest_route=\/wp\/v2\/users\/3"}],"replies":[{"embeddable":true,"href":"https:\/\/pukg.pl\/index.php?rest_route=%2Fwp%2Fv2%2Fcomments&post=184"}],"version-history":[{"count":9,"href":"https:\/\/pukg.pl\/index.php?rest_route=\/wp\/v2\/pages\/184\/revisions"}],"predecessor-version":[{"id":772,"href":"https:\/\/pukg.pl\/index.php?rest_route=\/wp\/v2\/pages\/184\/revisions\/772"}],"wp:attachment":[{"href":"https:\/\/pukg.pl\/index.php?rest_route=%2Fwp%2Fv2%2Fmedia&parent=184"}],"curies":[{"name":"wp","href":"https:\/\/api.w.org\/{rel}","templated":true}]}}