{"id":191,"date":"2023-11-15T13:02:33","date_gmt":"2023-11-15T12:02:33","guid":{"rendered":"https:\/\/pukg.pl\/?page_id=191"},"modified":"2026-03-26T11:56:52","modified_gmt":"2026-03-26T10:56:52","slug":"cennik-uslug","status":"publish","type":"page","link":"https:\/\/pukg.pl\/?page_id=191","title":{"rendered":"Cennik us\u0142ug"},"content":{"rendered":"\n<p><\/p>\n\n\n\n<p><strong>Aktualne stawki za \u015bwiadczenie us\u0142ugi wywozu (odbioru) \u015bciek\u00f3w ze zbiornik\u00f3w bezodp\u0142ywowych wykonywanych wozem asenizacyjnym przez PUK Gietrzwa\u0142d Sp. z o.o. z terenu Gminy Gietrzwa\u0142d od 01.01.2026 r. dost\u0119pne do pobrania <a href=\"https:\/\/pukg.pl\/wp-content\/uploads\/2026\/01\/Stawki-za-wywoz-nieczystosci-plynnych-od-01.01.2026r.-.pdf\" data-type=\"link\" data-id=\"https:\/\/pukg.pl\/wp-content\/uploads\/2026\/01\/Stawki-za-wywoz-nieczystosci-plynnych-od-01.01.2026r.-.pdf\">za\u0142\u0105cznik<\/a><\/strong><\/p>\n\n\n\n<div data-wp-interactive=\"core\/file\" class=\"wp-block-file\"><object data-wp-bind--hidden=\"!state.hasPdfPreview\" hidden class=\"wp-block-file__embed\" data=\"https:\/\/pukg.pl\/wp-content\/uploads\/2026\/03\/PUK-Gietrzwald-cennik-2026-r-2.pdf\" type=\"application\/pdf\" style=\"width:100%;height:600px\" aria-label=\"Osadzone z PUK Gietrzwa\u0142d cennik 2026 r..\"><\/object><a id=\"wp-block-file--media-879b1870-d3a7-41c5-850e-5c04cad64681\" href=\"https:\/\/pukg.pl\/wp-content\/uploads\/2026\/03\/PUK-Gietrzwald-cennik-2026-r-2.pdf\">PUK Gietrzwa\u0142d cennik 2026 r.<\/a><a href=\"https:\/\/pukg.pl\/wp-content\/uploads\/2026\/03\/PUK-Gietrzwald-cennik-2026-r-2.pdf\" class=\"wp-block-file__button wp-element-button\" download aria-describedby=\"wp-block-file--media-879b1870-d3a7-41c5-850e-5c04cad64681\">Pobierz<\/a><\/div>\n","protected":false},"excerpt":{"rendered":"<p>Aktualne stawki za \u015bwiadczenie us\u0142ugi wywozu (odbioru) \u015bciek\u00f3w ze zbiornik\u00f3w bezodp\u0142ywowych wykonywanych wozem asenizacyjnym przez PUK Gietrzwa\u0142d Sp. z o.o. z terenu Gminy Gietrzwa\u0142d od 01.01.2026 r. dost\u0119pne do pobrania za\u0142\u0105cznik<\/p>\n","protected":false},"author":3,"featured_media":0,"parent":0,"menu_order":0,"comment_status":"closed","ping_status":"closed","template":"","meta":{"footnotes":""},"class_list":["post-191","page","type-page","status-publish","hentry"],"_links":{"self":[{"href":"https:\/\/pukg.pl\/index.php?rest_route=\/wp\/v2\/pages\/191","targetHints":{"allow":["GET"]}}],"collection":[{"href":"https:\/\/pukg.pl\/index.php?rest_route=\/wp\/v2\/pages"}],"about":[{"href":"https:\/\/pukg.pl\/index.php?rest_route=\/wp\/v2\/types\/page"}],"author":[{"embeddable":true,"href":"https:\/\/pukg.pl\/index.php?rest_route=\/wp\/v2\/users\/3"}],"replies":[{"embeddable":true,"href":"https:\/\/pukg.pl\/index.php?rest_route=%2Fwp%2Fv2%2Fcomments&post=191"}],"version-history":[{"count":12,"href":"https:\/\/pukg.pl\/index.php?rest_route=\/wp\/v2\/pages\/191\/revisions"}],"predecessor-version":[{"id":776,"href":"https:\/\/pukg.pl\/index.php?rest_route=\/wp\/v2\/pages\/191\/revisions\/776"}],"wp:attachment":[{"href":"https:\/\/pukg.pl\/index.php?rest_route=%2Fwp%2Fv2%2Fmedia&parent=191"}],"curies":[{"name":"wp","href":"https:\/\/api.w.org\/{rel}","templated":true}]}}