{"id":202,"date":"2023-11-15T13:07:58","date_gmt":"2023-11-15T12:07:58","guid":{"rendered":"https:\/\/pukg.pl\/?page_id=202"},"modified":"2026-03-30T12:57:47","modified_gmt":"2026-03-30T10:57:47","slug":"ogloszenia","status":"publish","type":"page","link":"https:\/\/pukg.pl\/?page_id=202","title":{"rendered":"Og\u0142oszenia"},"content":{"rendered":"\n<p><strong><em>Uwaga! <\/em><\/strong><\/p>\n\n\n\n<p><\/p>\n\n\n\n<p><strong>Szanowni Mieszka\u0144cy,<\/strong><\/p>\n\n\n\n<p><strong>Informacja o dy\u017curach telefonicznych \u2013 awarie sieci wodoci\u0105gowej<\/strong><strong> i sieci kanalizacji sanitarnej<\/strong><\/p>\n\n\n\n<p>Szanowni Pa\u0144stwo,<\/p>\n\n\n\n<p>informujemy, \u017ce w zwi\u0105zku z konieczno\u015bci\u0105 zapewnienia sprawnej obs\u0142ugi zg\u0142osze\u0144 dotycz\u0105cych awarii g\u0142\u00f3wnej sieci wodoci\u0105gowej przesy\u0142owej i rozdzielczej oraz przesy\u0142owej i rozdzielczej sieci kanalizacji sanitarnej, wprowadzono sta\u0142e dy\u017cury telefoniczne.<\/p>\n\n\n\n<p>Dy\u017cury pe\u0142nione s\u0105 7 dni w tygodniu, <strong>pod numerem telefonu 89&nbsp;512 35 10<\/strong>, w nast\u0119puj\u0105cych godzinach:<\/p>\n\n\n\n<ul class=\"wp-block-list\">\n<li>od poniedzia\u0142ku do pi\u0105tku: <strong>15:00 \u2013 2<\/strong><strong>2:00<\/strong><\/li>\n\n\n\n<li>w soboty i niedziele: <strong>6:00 \u2013 2<\/strong><strong>2:00<\/strong><\/li>\n<\/ul>\n\n\n\n<p>W wyznaczonych godzinach prosimy o zg\u0142aszanie wszelkich awarii oraz nieprawid\u0142owo\u015bci w funkcjonowaniu sieci wodoci\u0105gowej i sieci kanalizacji sanitarnej pod wskazanym numerem telefonu.<\/p>\n\n\n\n<p>W przypadku awarii przy\u0142\u0105czy wodno-kanalizacyjnych w obr\u0119bie nieruchomo\u015bci odbiorcy us\u0142ug prosimy o korzystanie z us\u0142ug komercyjnego pogotowia wodno-kanalizacyjnego.<\/p>\n\n\n\n<p>Dzi\u0119kujemy za wsp\u00f3\u0142prac\u0119 i pomoc w utrzymaniu sprawnego dzia\u0142ania infrastruktury wodno- kanalizacyjnej.<\/p>\n\n\n\n<p><\/p>\n\n\n\n<hr class=\"wp-block-separator has-alpha-channel-opacity\"\/>\n\n\n\n<p>Zarz\u0105d&nbsp;Przedsi\u0119biorstwa&nbsp;Us\u0142ug Komunalnych&nbsp;Gietrzwa\u0142d&nbsp;Sp. z o.o.&nbsp;z siedzib\u0105 w&nbsp;Gietrzwa\u0142dzie,&nbsp;informuje i\u017c decyzj\u0105 nr G.RZT.70.1.36.2025.MW.8&nbsp;z dnia&nbsp;16 grudnia 2025&nbsp;r., wydan\u0105 przez organ reguluj\u0105cy Pa\u0144stwowe Gospodarstwo Wodne Wody Polskie, Regionalny Zarz\u0105d Gospodarki Wodnej w Gda\u0144sku, zosta\u0142a zatwierdzona Taryfa dla zbiorowego zaopatrzenia w wod\u0119 i zbiorowego odprowadzania \u015bciek\u00f3w na terenie Gminy Gietrzwa\u0142d na okres trzech lat.&nbsp;Taryfy&nbsp;Przedsi\u0119biorstwa&nbsp;Us\u0142ug Komunalnych&nbsp;Gietrzwa\u0142d&nbsp;Sp. z o.o. w Gietrzwa\u0142dzie&nbsp;dla zbiorowego zaopatrzenia w wod\u0119 i zbiorowego odprowadzania \u015bciek\u00f3w na terenie Gminy Gietrzwa\u0142d zosta\u0142y opublikowane na BIP Pa\u0144stwowego Gospodarstwa Wodnego Wody Polskie w dniu 23.12.2025&nbsp;r., w zwi\u0105zku z powy\u017cszym wchodz\u0105 w \u017cycie z dniem&nbsp;31.12.2025&nbsp;r.<\/p>\n\n\n\n<div data-wp-interactive=\"core\/file\" class=\"wp-block-file\"><object data-wp-bind--hidden=\"!state.hasPdfPreview\" hidden class=\"wp-block-file__embed\" data=\"https:\/\/pukg.pl\/wp-content\/uploads\/2025\/12\/G.RZT_.70.1.36.2025.MW_.8-Decyzja-Wody-Polskie-Taryfa-16.12.2025-1.pdf\" type=\"application\/pdf\" style=\"width:100%;height:600px\" aria-label=\"Osadzone z G.RZT.70.1.36.2025.MW.8 - Decyzja Wody Polskie Taryfa - 16.12.2025.\"><\/object><a id=\"wp-block-file--media-1624e27b-56ab-417d-b4e3-17b8da1ff5d2\" href=\"https:\/\/pukg.pl\/wp-content\/uploads\/2025\/12\/G.RZT_.70.1.36.2025.MW_.8-Decyzja-Wody-Polskie-Taryfa-16.12.2025-1.pdf\">G.RZT.70.1.36.2025.MW.8 &#8211; Decyzja Wody Polskie Taryfa &#8211; 16.12.2025<\/a><a href=\"https:\/\/pukg.pl\/wp-content\/uploads\/2025\/12\/G.RZT_.70.1.36.2025.MW_.8-Decyzja-Wody-Polskie-Taryfa-16.12.2025-1.pdf\" class=\"wp-block-file__button wp-element-button\" download aria-describedby=\"wp-block-file--media-1624e27b-56ab-417d-b4e3-17b8da1ff5d2\">Pobierz<\/a><\/div>\n\n\n\n<div data-wp-interactive=\"core\/file\" class=\"wp-block-file\"><object data-wp-bind--hidden=\"!state.hasPdfPreview\" hidden class=\"wp-block-file__embed\" data=\"https:\/\/pukg.pl\/wp-content\/uploads\/2025\/12\/Taryfy-zal.-do-Decyzji-G.RZT_.70.1.36.2025.MW_.8-z-dnia-16.12.2025r-1.pdf\" type=\"application\/pdf\" style=\"width:100%;height:600px\" aria-label=\"Osadzone z Taryfy - za\u0142. do Decyzji G.RZT.70.1.36.2025.MW.8 z dnia 16.12.2025r..\"><\/object><a id=\"wp-block-file--media-7522514f-bf00-4516-8730-e9c0af410a1d\" href=\"https:\/\/pukg.pl\/wp-content\/uploads\/2025\/12\/Taryfy-zal.-do-Decyzji-G.RZT_.70.1.36.2025.MW_.8-z-dnia-16.12.2025r-1.pdf\">Taryfy &#8211; za\u0142. do Decyzji G.RZT.70.1.36.2025.MW.8 z dnia 16.12.2025r.<\/a><a href=\"https:\/\/pukg.pl\/wp-content\/uploads\/2025\/12\/Taryfy-zal.-do-Decyzji-G.RZT_.70.1.36.2025.MW_.8-z-dnia-16.12.2025r-1.pdf\" class=\"wp-block-file__button wp-element-button\" download aria-describedby=\"wp-block-file--media-7522514f-bf00-4516-8730-e9c0af410a1d\">Pobierz<\/a><\/div>\n\n\n\n\n\n<div data-wp-interactive=\"core\/file\" class=\"wp-block-file\"><object data-wp-bind--hidden=\"!state.hasPdfPreview\" hidden class=\"wp-block-file__embed\" data=\"https:\/\/pukg.pl\/wp-content\/uploads\/2024\/10\/komunikat-28-10-2024.pdf\" type=\"application\/pdf\" style=\"width:100%;height:1200px\" aria-label=\"Osadzone z komunikat 28 10 2024.\"><\/object><a id=\"wp-block-file--media-ae2d1bfd-f92f-4408-a623-0d7545df8026\" href=\"https:\/\/pukg.pl\/wp-content\/uploads\/2024\/10\/komunikat-28-10-2024.pdf\">komunikat 28 10 2024<\/a><a href=\"https:\/\/pukg.pl\/wp-content\/uploads\/2024\/10\/komunikat-28-10-2024.pdf\" class=\"wp-block-file__button wp-element-button\" download aria-describedby=\"wp-block-file--media-ae2d1bfd-f92f-4408-a623-0d7545df8026\">Pobierz<\/a><\/div>\n\n\n\n<p><\/p>\n\n\n\n<p>Gietrzwa\u0142d dnia, 16.09.2024 r.<\/p>\n\n\n\n<p>Przedsi\u0119biorstwo Us\u0142ug Komunalnych Gietrzwa\u0142d Sp. z o.o. informuje, i\u017c posiada do sprzeda\u017cy ci\u0105gnik marki Ursus 1204.<\/p>\n\n\n\n<p>&nbsp;&nbsp;&nbsp;&nbsp;&nbsp;&nbsp;&nbsp;&nbsp; Stan techniczny pojazdu jest umiarkowany. Pojazd posiada wa\u017cne badania techniczne i jest mo\u017cliwy do obejrzenia na terenie Sp\u00f3\u0142ki po wcze\u015bniejszym ustaleniu terminu ogl\u0119dzin w godz. 8-14:00 pod poniedzia\u0142ki do pi\u0105tku.<\/p>\n\n\n\n<p>&nbsp;&nbsp;&nbsp;&nbsp;&nbsp;&nbsp;&nbsp;&nbsp; Cena pojazdu \u2013 30&nbsp;000 z\u0142 &#8211; faktura<\/p>\n\n\n\n<p>&nbsp;&nbsp;&nbsp;&nbsp;&nbsp;&nbsp;&nbsp;&nbsp; Na oferty czekamy do dnia 26.09.2024 roku do godziny 10:00.<\/p>\n\n\n\n<p>&nbsp;&nbsp;&nbsp;&nbsp;&nbsp;&nbsp;&nbsp;&nbsp; Zastrzegamy sobie prawo nie wybrania \u017cadnej oferty.<\/p>\n\n\n\n<p>&nbsp;&nbsp;&nbsp;&nbsp;&nbsp;&nbsp;&nbsp;&nbsp; Oferty prosimy kierowa\u0107 na adres e-mail <a href=\"mailto:kontakt@pukg.pl\">kontakt@pukg.pl<\/a> w tytule prosimy umie\u015b\u0107 sprzeda\u017c ci\u0105gnika Ursus 1204 lub sk\u0142ada\u0107 bezpo\u015brednio do siedziby firmy przy ulicy Spacerowej 14\/4, 11-036 Gietrzwa\u0142d.<\/p>\n\n\n\n<p><\/p>\n\n\n\n<p><\/p>\n","protected":false},"excerpt":{"rendered":"<p>Uwaga! Szanowni Mieszka\u0144cy, Informacja o dy\u017curach telefonicznych \u2013 awarie sieci wodoci\u0105gowej i sieci kanalizacji sanitarnej Szanowni Pa\u0144stwo, informujemy, \u017ce w zwi\u0105zku z konieczno\u015bci\u0105 zapewnienia sprawnej obs\u0142ugi zg\u0142osze\u0144 dotycz\u0105cych awarii g\u0142\u00f3wnej sieci wodoci\u0105gowej przesy\u0142owej i rozdzielczej oraz przesy\u0142owej i rozdzielczej sieci kanalizacji sanitarnej, wprowadzono sta\u0142e dy\u017cury telefoniczne. Dy\u017cury pe\u0142nione s\u0105 7 dni w tygodniu, pod numerem [&hellip;]<\/p>\n","protected":false},"author":3,"featured_media":0,"parent":0,"menu_order":0,"comment_status":"closed","ping_status":"closed","template":"","meta":{"footnotes":""},"class_list":["post-202","page","type-page","status-publish","hentry"],"_links":{"self":[{"href":"https:\/\/pukg.pl\/index.php?rest_route=\/wp\/v2\/pages\/202","targetHints":{"allow":["GET"]}}],"collection":[{"href":"https:\/\/pukg.pl\/index.php?rest_route=\/wp\/v2\/pages"}],"about":[{"href":"https:\/\/pukg.pl\/index.php?rest_route=\/wp\/v2\/types\/page"}],"author":[{"embeddable":true,"href":"https:\/\/pukg.pl\/index.php?rest_route=\/wp\/v2\/users\/3"}],"replies":[{"embeddable":true,"href":"https:\/\/pukg.pl\/index.php?rest_route=%2Fwp%2Fv2%2Fcomments&post=202"}],"version-history":[{"count":21,"href":"https:\/\/pukg.pl\/index.php?rest_route=\/wp\/v2\/pages\/202\/revisions"}],"predecessor-version":[{"id":781,"href":"https:\/\/pukg.pl\/index.php?rest_route=\/wp\/v2\/pages\/202\/revisions\/781"}],"wp:attachment":[{"href":"https:\/\/pukg.pl\/index.php?rest_route=%2Fwp%2Fv2%2Fmedia&parent=202"}],"curies":[{"name":"wp","href":"https:\/\/api.w.org\/{rel}","templated":true}]}}