{"id":254,"date":"2023-11-15T21:11:12","date_gmt":"2023-11-15T20:11:12","guid":{"rendered":"https:\/\/pukg.pl\/?page_id=254"},"modified":"2026-04-13T10:07:18","modified_gmt":"2026-04-13T08:07:18","slug":"odczyt-wodomierzy","status":"publish","type":"page","link":"https:\/\/pukg.pl\/?page_id=254","title":{"rendered":"Odczyt wodomierzy"},"content":{"rendered":"\n<p>Informujemy, i\u017c odczyt wodomierza mo\u017cna poda\u0107:<br>&#8211; telefonicznie pod nr (89) 512 35 10 lub sms na nr 511 381 211<br>&#8211; mailowo na adres kontakt@pukg.pl<br>&#8211; osobi\u015bcie w siedzibie Przedsi\u0119biorstwa Us\u0142ug Komunalnych Gietrzwa\u0142d Sp. z o.o., ul. Spacerowa 14\/4 w Gietrzwa\u0142dzie (obok GOPS&#8217;u)<\/p>\n\n\n\n<p><br>&#8211; na e-bok pod adresem <a href=\"https:\/\/ebok.wodkan.pl\/Gietrzwald\">https:\/\/ebok.wodkan.pl\/Gietrzwald<\/a><\/p>\n\n\n<p>&#8211; na e-bok Netland &#8211; pod adresem <a href=\"https:\/\/e-bok.gietrzwald.pl\">https:\/\/e-bok.gietrzwald.pl<\/a><\/p>\n\n\n<p><\/p>\n\n\n\n<p><\/p>\n\n\n\n<p><strong>Dokonuj\u0105c odczytu wodomierza nale\u017cy podawa\u0107 tylko czarne cyfry (czytane od lewej strony licznika \u0142\u0105cznie z zerami, kt\u00f3re oznaczaj\u0105 zu\u017cycie w pe\u0142nych metrach sze\u015bciennych)<\/strong><\/p>\n\n\n<div class=\"wp-block-image\">\n<figure class=\"aligncenter size-full\"><img loading=\"lazy\" decoding=\"async\" width=\"547\" height=\"290\" src=\"https:\/\/pukg.pl\/wp-content\/uploads\/2023\/11\/jak_odczytac-1.png\" alt=\"\" class=\"wp-image-255\" srcset=\"https:\/\/pukg.pl\/wp-content\/uploads\/2023\/11\/jak_odczytac-1.png 547w, https:\/\/pukg.pl\/wp-content\/uploads\/2023\/11\/jak_odczytac-1-300x159.png 300w\" sizes=\"auto, (max-width: 547px) 100vw, 547px\" \/><\/figure>\n<\/div>\n\n\n<div data-wp-interactive=\"core\/file\" class=\"wp-block-file\"><object data-wp-bind--hidden=\"!state.hasPdfPreview\" hidden class=\"wp-block-file__embed\" data=\"https:\/\/pukg.pl\/wp-content\/uploads\/2026\/04\/harmonogram-rozliczen-.pdf\" type=\"application\/pdf\" style=\"width:100%;height:600px\" aria-label=\"Osadzone z harmonogram rozlicze\u0144.\"><\/object><a id=\"wp-block-file--media-efe03a4d-3c07-4703-98f2-589636c721bf\" href=\"https:\/\/pukg.pl\/wp-content\/uploads\/2026\/04\/harmonogram-rozliczen-.pdf\">harmonogram rozlicze\u0144<\/a><a href=\"https:\/\/pukg.pl\/wp-content\/uploads\/2026\/04\/harmonogram-rozliczen-.pdf\" class=\"wp-block-file__button wp-element-button\" download aria-describedby=\"wp-block-file--media-efe03a4d-3c07-4703-98f2-589636c721bf\">Pobierz<\/a><\/div>\n\n\n\n<div data-wp-interactive=\"core\/file\" class=\"wp-block-file\"><object data-wp-bind--hidden=\"!state.hasPdfPreview\" hidden class=\"wp-block-file__embed\" data=\"https:\/\/pukg.pl\/wp-content\/uploads\/2024\/04\/harmonogram-odczytu-wody-ogrodowej-1.pdf\" type=\"application\/pdf\" style=\"width:100%;height:600px\" aria-label=\"Osadzone z harmonogram-odczytu-wody-ogrodowej-1.\"><\/object><a id=\"wp-block-file--media-64a0d51c-85f5-4b6c-88d7-3ad219a8140f\" href=\"https:\/\/pukg.pl\/wp-content\/uploads\/2024\/04\/harmonogram-odczytu-wody-ogrodowej-1.pdf\">harmonogram-odczytu-wody-ogrodowej-1<\/a><a href=\"https:\/\/pukg.pl\/wp-content\/uploads\/2024\/04\/harmonogram-odczytu-wody-ogrodowej-1.pdf\" class=\"wp-block-file__button wp-element-button\" download aria-describedby=\"wp-block-file--media-64a0d51c-85f5-4b6c-88d7-3ad219a8140f\">Pobierz<\/a><\/div>\n","protected":false},"excerpt":{"rendered":"<p>Informujemy, i\u017c odczyt wodomierza mo\u017cna poda\u0107:&#8211; telefonicznie pod nr (89) 512 35 10 lub sms na nr 511 381 211&#8211; mailowo na adres kontakt@pukg.pl&#8211; osobi\u015bcie w siedzibie Przedsi\u0119biorstwa Us\u0142ug Komunalnych Gietrzwa\u0142d Sp. z o.o., ul. Spacerowa 14\/4 w Gietrzwa\u0142dzie (obok GOPS&#8217;u) &#8211; na e-bok pod adresem https:\/\/ebok.wodkan.pl\/Gietrzwald &#8211; na e-bok Netland &#8211; pod adresem https:\/\/e-bok.gietrzwald.pl [&hellip;]<\/p>\n","protected":false},"author":3,"featured_media":0,"parent":0,"menu_order":0,"comment_status":"closed","ping_status":"closed","template":"","meta":{"footnotes":"[]"},"class_list":["post-254","page","type-page","status-publish","hentry"],"_links":{"self":[{"href":"https:\/\/pukg.pl\/index.php?rest_route=\/wp\/v2\/pages\/254","targetHints":{"allow":["GET"]}}],"collection":[{"href":"https:\/\/pukg.pl\/index.php?rest_route=\/wp\/v2\/pages"}],"about":[{"href":"https:\/\/pukg.pl\/index.php?rest_route=\/wp\/v2\/types\/page"}],"author":[{"embeddable":true,"href":"https:\/\/pukg.pl\/index.php?rest_route=\/wp\/v2\/users\/3"}],"replies":[{"embeddable":true,"href":"https:\/\/pukg.pl\/index.php?rest_route=%2Fwp%2Fv2%2Fcomments&post=254"}],"version-history":[{"count":5,"href":"https:\/\/pukg.pl\/index.php?rest_route=\/wp\/v2\/pages\/254\/revisions"}],"predecessor-version":[{"id":794,"href":"https:\/\/pukg.pl\/index.php?rest_route=\/wp\/v2\/pages\/254\/revisions\/794"}],"wp:attachment":[{"href":"https:\/\/pukg.pl\/index.php?rest_route=%2Fwp%2Fv2%2Fmedia&parent=254"}],"curies":[{"name":"wp","href":"https:\/\/api.w.org\/{rel}","templated":true}]}}