{"id":262,"date":"2023-11-17T11:26:45","date_gmt":"2023-11-17T10:26:45","guid":{"rendered":"https:\/\/pukg.pl\/?page_id=262"},"modified":"2023-11-17T11:33:53","modified_gmt":"2023-11-17T10:33:53","slug":"faq","status":"publish","type":"page","link":"https:\/\/pukg.pl\/?page_id=262","title":{"rendered":"FAQ"},"content":{"rendered":"\n<details class=\"wp-block-details is-layout-flow wp-block-details-is-layout-flow\"><summary>Gdzie mog\u0119 poda\u0107 odczyt licznika wody?<\/summary>\n<p>Informujemy, i\u017c odczyt wodomierza mo\u017cna poda\u0107:<br>\u2013 telefonicznie pod nr (89) 512 35 10 lub sms na nr 511 381 211<br>\u2013 mailowo na adres kontakt@pukg.pl<br>\u2013 osobi\u015bcie w siedzibie Przedsi\u0119biorstwa Us\u0142ug Komunalnych Gietrzwa\u0142d Sp. z o.o., ul. Spacerowa 14\/4 w Gietrzwa\u0142dzie (obok GOPS\u2019u)<br>\u2013 na e-bok pod adresem https:\/\/ebok.wodkan.pl\/Gietrzwald<\/p>\n<\/details>\n\n\n\n<details class=\"wp-block-details is-layout-flow wp-block-details-is-layout-flow\"><summary>Jakie dokumenty nale\u017cy z\u0142o\u017cy\u0107 \u017ceby przy\u0142\u0105czy\u0107 si\u0119 do sieci wodno-kanalizacyjnej?<\/summary>\n<p>Nale\u017cy wype\u0142ni\u0107 zlecenie wydania warunk\u00f3w technicznych (druk dost\u0119pny na naszej stronie w zak\u0142adce dla klienta-wzory pism). Do zlecenia do\u0142\u0105czy\u0107 nale\u017cy:<br>a) aktualn\u0105 map\u0119 zasadnicz\u0105 b\u0105d\u017a do cel\u00f3w projektowych , obejmuj\u0105c\u0105 teren inwestycji i jej najbli\u017csze otoczenie wraz z infrastruktur\u0105 towarzysz\u0105c\u0105 (sie\u0107 wodoci\u0105gowa i\/lub kanalizacyjna), w skali 1:500 lub 1:1000 \u2013 2 egz.<br>b) decyzj\u0119 o warunkach zabudowy i zagospodarowania terenu lub wypis z miejscowego planu zagospodarowania przestrzennego,<br>c) dokument stwierdzaj\u0105cy stan prawny nieruchomo\u015bci, kt\u00f3rej dotyczy wniosek,<br>d) odpis z w\u0142a\u015bciwego rejestru (z KRS-u lub odpis z rejestru dzia\u0142alno\u015bci gospodarczej)<br>e) parametry dostarczanych \u015bciek\u00f3w ( w przypadku dostawc\u00f3w \u015bciek\u00f3w przemys\u0142owych).<\/p>\n\n\n\n<p>Zlecenie wraz z za\u0142\u0105cznikami nale\u017cy wys\u0142a\u0107 poczt\u0105 tradycyjn\u0105 lub dostarczy\u0107 osobi\u015bcie na adres siedziby Przedsi\u0119biorstwa: ul. Spacerowa 14\/4,, 11-036 Gietrzwa\u0142d (budynek starej szko\u0142y na przeciwko OSP w Gietrzwa\u0142dzie).<\/p>\n<\/details>\n\n\n\n<details class=\"wp-block-details is-layout-flow wp-block-details-is-layout-flow\"><summary>Co nale\u017cy zrobi\u0107, aby uzyska\u0107 zgod\u0119 na zainstalowanie dodatkowego wodomierza na cele ogrodowe?<\/summary>\n<p>Nale\u017cy wype\u0142ni\u0107 wniosek o wydanie warunk\u00f3w technicznych na podwodomierz (druk dost\u0119pny na naszej stronie w zak\u0142adce\u00a0Strefa klienta). Je\u015bli taki wodomierz mo\u017ce by\u0107 zainstalowany w danym budynku, pracownik Przedsi\u0119biorstwa wystawi warunki techniczne monta\u017cu dodatkowego wodomierza.<\/p>\n<\/details>\n","protected":false},"excerpt":{"rendered":"","protected":false},"author":3,"featured_media":0,"parent":0,"menu_order":0,"comment_status":"closed","ping_status":"closed","template":"","meta":{"footnotes":""},"class_list":["post-262","page","type-page","status-publish","hentry"],"_links":{"self":[{"href":"https:\/\/pukg.pl\/index.php?rest_route=\/wp\/v2\/pages\/262","targetHints":{"allow":["GET"]}}],"collection":[{"href":"https:\/\/pukg.pl\/index.php?rest_route=\/wp\/v2\/pages"}],"about":[{"href":"https:\/\/pukg.pl\/index.php?rest_route=\/wp\/v2\/types\/page"}],"author":[{"embeddable":true,"href":"https:\/\/pukg.pl\/index.php?rest_route=\/wp\/v2\/users\/3"}],"replies":[{"embeddable":true,"href":"https:\/\/pukg.pl\/index.php?rest_route=%2Fwp%2Fv2%2Fcomments&post=262"}],"version-history":[{"count":2,"href":"https:\/\/pukg.pl\/index.php?rest_route=\/wp\/v2\/pages\/262\/revisions"}],"predecessor-version":[{"id":265,"href":"https:\/\/pukg.pl\/index.php?rest_route=\/wp\/v2\/pages\/262\/revisions\/265"}],"wp:attachment":[{"href":"https:\/\/pukg.pl\/index.php?rest_route=%2Fwp%2Fv2%2Fmedia&parent=262"}],"curies":[{"name":"wp","href":"https:\/\/api.w.org\/{rel}","templated":true}]}}