{"id":64,"date":"2023-10-18T13:11:54","date_gmt":"2023-10-18T11:11:54","guid":{"rendered":"http:\/\/wordpress2334367.home.pl\/autoinstalator\/wordpresspluslscache\/?page_id=64"},"modified":"2023-10-18T13:11:54","modified_gmt":"2023-10-18T11:11:54","slug":"nielegalny-pobor-wody","status":"publish","type":"page","link":"https:\/\/pukg.pl\/?page_id=64","title":{"rendered":"Nielegalny pob\u00f3r wody"},"content":{"rendered":"\n<p>W ostatnim czasie na terenie Gminy Gietrzwa\u0142d odnotowujemy wzrost przypadk\u00f3w<br>nielegalnego poboru wody z hydrant\u00f3w przeciwpo\u017carowych. W wi\u0119kszo\u015bci s\u0105 to \u015bwiadome<br>i celowe dzia\u0142ania.<br>Przedsi\u0119biorstwo Us\u0142ug Komunalnych Gietrzwa\u0142d Sp. z o.o. wyja\u015bnia:<br>Hydranty przeciwpo\u017carowe s\u0105 elementem ochrony przeciwpo\u017carowej zar\u00f3wno obiekt\u00f3w<br>mieszkalnych, gospodarczych jak i ludzi. S\u0105 one wykorzystywane do gaszenia po\u017car\u00f3w,<br>poboru wody przez pojazdy stra\u017cy po\u017carnej. Hydranty mog\u0105 by\u0107 wykorzystywane do innych<br>cel\u00f3w poboru jedynie za zgod\u0105 i pod nadzorem w\u0142a\u015bciciela sieci wodoci\u0105gowej tj.<br>Przedsi\u0119biorstwa Us\u0142ug Komunalnych Gietrzwa\u0142d Sp. z o.o.<br>Kradzie\u017c wody z hydrantu oznacza kr\u00f3tkotrwa\u0142y ale bardzo intensywny pob\u00f3r, co cz\u0119sto<br>powoduje uszkodzenie samego hydrantu ( g\u0142owicy ), ale nast\u0119puje r\u00f3wnie\u017c zerwanie osad\u00f3w<br>nagromadzonych w przewodach wodoci\u0105gowych , stanowi\u0105cych naturalne wytr\u0105cone zwi\u0105zki<br>\u017celaza i manganu. Zerwanie nagromadzonych osad\u00f3w powoduje zanieczyszczenia wody u<br>odbiorc\u00f3w. Osad ten podczas zmian ci\u015bnienia, zwi\u0105zanych z nag\u0142ym poborem wody zrywa si\u0119<br>ze \u015bcianek przewod\u00f3w wodoci\u0105gowych powoduj\u0105c wt\u00f3rne zanieczyszczenia wody.<br>W wielu przypadkach zniszczony hydrant staje si\u0119 potencjalnym \u017ar\u00f3d\u0142em ska\u017cenia<br>bakteriologicznego wody w sieci wodoci\u0105gowej. Stanowi to ogromne zagro\u017cenia dla zdrowia.<br>Sp\u00f3\u0142ka prowadzi kontrole hydrant\u00f3w, w szczeg\u00f3lno\u015bci w miejscach, w kt\u00f3rych podejrzewa si\u0119<br>nielegalne otwieranie hydrant\u00f3w i pob\u00f3r wody.<br>Jednak by jeszcze skuteczniej walczy\u0107 z nieuczciwymi odbiorcami wody bardzo wa\u017cna jest<br>wsp\u00f3\u0142praca z mieszka\u0144cami i w\u0142adzami samorz\u0105dowymi. Apelujemy, aby nie pozostawa\u0107<br>oboj\u0119tnym na zauwa\u017cone przypadki awarii, uszkodzenia, przecieki, przypadki wandalizmu<br>hydrant\u00f3w oraz kradzie\u017c wody z hydrant\u00f3w. Prosimy o niezw\u0142oczn\u0105 informacj\u0119 o takich<br>zdarzeniach na numer tel. 89 512 35 10 b\u0105d\u017a na adres email: puk@gietrzwald.pl lub<br>zg\u0142aszanie takich przypadk\u00f3w bezpo\u015brednio na Policj\u0119 tel. 997 lub 112. Tylko eliminuj\u0105c<br>proceder kradzie\u017cy wody oraz nielegalne otwieranie hydrant\u00f3w mo\u017cemy zapewni\u0107<br>niezawodno\u015b\u0107 i komfort dostaw wody dla wszystkich mieszka\u0144c\u00f3w naszej gminy.<br>Gwarantujemy anonimowo\u015b\u0107 i podj\u0119cie niezw\u0142ocznych dzia\u0142a\u0144 maj\u0105cych na celu likwidacj\u0119<br>zg\u0142oszonego przypadku nielegalnego poboru wody.<br>Pragniemy przypomnie\u0107 jednocze\u015bnie, \u017ce zgodnie z prawem grzywna przewidziana za<br>nielegalny pob\u00f3r wody wynosi 5 000,00 z\u0142 . Za nielegalne korzystanie z wody Sp\u00f3\u0142ka<br>wszczyna\u0107 b\u0119dzie post\u0119powanie karne.<\/p>\n","protected":false},"excerpt":{"rendered":"<p>W ostatnim czasie na terenie Gminy Gietrzwa\u0142d odnotowujemy wzrost przypadk\u00f3wnielegalnego poboru wody z hydrant\u00f3w przeciwpo\u017carowych. W wi\u0119kszo\u015bci s\u0105 to \u015bwiadomei celowe dzia\u0142ania.Przedsi\u0119biorstwo Us\u0142ug Komunalnych Gietrzwa\u0142d Sp. z o.o. wyja\u015bnia:Hydranty przeciwpo\u017carowe s\u0105 elementem ochrony przeciwpo\u017carowej zar\u00f3wno obiekt\u00f3wmieszkalnych, gospodarczych jak i ludzi. S\u0105 one wykorzystywane do gaszenia po\u017car\u00f3w,poboru wody przez pojazdy stra\u017cy po\u017carnej. Hydranty mog\u0105 by\u0107 wykorzystywane [&hellip;]<\/p>\n","protected":false},"author":2,"featured_media":0,"parent":0,"menu_order":0,"comment_status":"closed","ping_status":"closed","template":"","meta":{"footnotes":""},"class_list":["post-64","page","type-page","status-publish","hentry"],"_links":{"self":[{"href":"https:\/\/pukg.pl\/index.php?rest_route=\/wp\/v2\/pages\/64","targetHints":{"allow":["GET"]}}],"collection":[{"href":"https:\/\/pukg.pl\/index.php?rest_route=\/wp\/v2\/pages"}],"about":[{"href":"https:\/\/pukg.pl\/index.php?rest_route=\/wp\/v2\/types\/page"}],"author":[{"embeddable":true,"href":"https:\/\/pukg.pl\/index.php?rest_route=\/wp\/v2\/users\/2"}],"replies":[{"embeddable":true,"href":"https:\/\/pukg.pl\/index.php?rest_route=%2Fwp%2Fv2%2Fcomments&post=64"}],"version-history":[{"count":1,"href":"https:\/\/pukg.pl\/index.php?rest_route=\/wp\/v2\/pages\/64\/revisions"}],"predecessor-version":[{"id":65,"href":"https:\/\/pukg.pl\/index.php?rest_route=\/wp\/v2\/pages\/64\/revisions\/65"}],"wp:attachment":[{"href":"https:\/\/pukg.pl\/index.php?rest_route=%2Fwp%2Fv2%2Fmedia&parent=64"}],"curies":[{"name":"wp","href":"https:\/\/api.w.org\/{rel}","templated":true}]}}