{"id":96,"date":"2023-10-19T14:07:39","date_gmt":"2023-10-19T12:07:39","guid":{"rendered":"http:\/\/wordpress2334367.home.pl\/autoinstalator\/wordpresspluslscache\/?page_id=96"},"modified":"2023-11-13T14:25:25","modified_gmt":"2023-11-13T13:25:25","slug":"96-2","status":"publish","type":"page","link":"https:\/\/pukg.pl\/?page_id=96","title":{"rendered":"Stawki i cenniki"},"content":{"rendered":"\n<p><a href=\"http:\/\/puk.gietrzwald.pl\/wp-content\/uploads\/2023\/02\/Taryfy-dla-zbiorowego-zaopatrzenia-w-wode-i-zbiorowego-odprowadzenia-sciekow.pdf\">Taryfy dla zbiorowego zaopatrzenia w wod\u0119 i zbiorowego odprowadzenia \u015bciek\u00f3w<\/a><\/p>\n\n\n\n<p><a href=\"http:\/\/puk.gietrzwald.pl\/wp-content\/uploads\/2023\/03\/Decyzja-GD.RZT_.70.102.331.2022_D.DP_.pdf\">Decyzja GD.RZT.70.102.331.2022_D.DP<\/a><\/p>\n\n\n\n<p><\/p>\n\n\n\n<h4 class=\"wp-block-heading\">Us\u0142ugi wodoci\u0105gowo-kanalizacyjne wykonywane przez pracownik\u00f3w sieci wod-kan<\/h4>\n\n\n\n<p><strong>US\u0141UGI EKSPLOATACJI SIECI WODNO-KANALIZACYJNEJ<\/strong><\/p>\n\n\n\n<figure class=\"wp-block-table\"><table><tbody><tr><td rowspan=\"4\">1.1<\/td><td rowspan=\"4\">Zamkni\u0119cie odcinka sieci wodoci\u0105gowej \/planowane w\u0142\u0105czenie, przer\u00f3bki, wcinki\/ * do ceny nale\u017cy doliczy\u0107 straty wody wynikaj\u0105ce z odwodnienia i p\u0142ukania sieci * do ceny nale\u017cy doliczy\u0107 dojazd i powr\u00f3t<\/td><td><\/td><td>netto<\/td><td>brutto<\/td><\/tr><tr><td>o \u015brednicy do 110 mm<\/td><td>150 z\u0142<\/td><td>184,50 z\u0142<\/td><\/tr><tr><td>o \u015brednicy powy\u017cej 110 mm do 250 mm<\/td><td>220 z\u0142<\/td><td>270,60 z\u0142<\/td><\/tr><tr><td>o \u015brednicy powy\u017cej 250 mm<\/td><td>370 z\u0142<\/td><td>455,10 z\u0142<\/td><\/tr><tr><td rowspan=\"3\">1.2<\/td><td rowspan=\"3\">zamkni\u0119cie odcinka sieci wodoci\u0105gowej \/spowodowane uszkodzeniem wodoci\u0105gu, armatury\/ * ** *do ceny nale\u017cy doliczy\u0107 straty wody wynikaj\u0105ce z odwodnienia i p\u0142ukania sieci ** do ceny nale\u017cy doliczy\u0107 dojazd i powr\u00f3t<\/td><td>o \u015brednicy do 125 mm<\/td><td>300 z\u0142<\/td><td>369 z\u0142<\/td><\/tr><tr><td>o \u015brednicy powy\u017cej 125 mm do 250 mm<\/td><td>440 z\u0142<\/td><td>541,20 z\u0142<\/td><\/tr><tr><td>o \u015brednicy powy\u017cej 250 mm<\/td><td>740 z\u0142<\/td><td>910,20 z\u0142<\/td><\/tr><tr><td>1.3<\/td><td>wykonanie nawiercenia do sieci wodoci\u0105gowej lub udzia\u0142 w procesie wykonania nawiercenia w istniej\u0105c\u0105 sie\u0107 wodoci\u0105gow\u0105 * ** *do ceny nale\u017cy doliczy\u0107 koszt nawiertki nwz (dob\u00f3r wg \u015brednicy sieci i przy\u0142\u0105cza) **do ceny nale\u017cy doliczy\u0107 dojazd i powr\u00f3t<\/td><td><\/td><td>450 z\u0142<\/td><td>553,50 z\u0142<\/td><\/tr><tr><td>1.4<\/td><td>zamkni\u0119cie\/otwarcie zasuwy domowej* *do ceny nale\u017cy doliczy\u0107 dojazd i powr\u00f3t<\/td><td><\/td><td>65 z\u0142<\/td><td>79,95 z\u0142<\/td><\/tr><tr><td>1.5<\/td><td>awaryjne zamkni\u0119cie\/otwarcie zasuwy domowej* *do ceny nale\u017cy doliczy\u0107 dojazd i powr\u00f3t<\/td><td><\/td><td>130 z\u0142<\/td><td>159,90 z\u0142<\/td><\/tr><tr><td>1.6<\/td><td>zamkni\u0119cie\/otwarcie dop\u0142ywu wody na wewn\u0119trznej instalacji w budynku* *do ceny nale\u017cy doliczy\u0107 dojazd i powr\u00f3t<\/td><td><\/td><td>65 z\u0142<\/td><td>79,95 z\u0142<\/td><\/tr><tr><td>1.7<\/td><td>przywr\u00f3cenie dostawy wody zad\u0142u\u017conemu klientowi po uregulowaniu nale\u017cyno\u015bci* *do ceny nale\u017cy doliczy\u0107 dojazd i powr\u00f3t<\/td><td><\/td><td>260 z\u0142<\/td><td>319,80 z\u0142<\/td><\/tr><tr><td>1.8<\/td><td>beczka asenizacyjna \u2013 zbiornik bezodp\u0142ywowy [kurs]* *do ceny nale\u017cy doliczy\u0107 dojazd i powr\u00f3t<\/td><td><\/td><td>220 z\u0142<\/td><td>270,60 z\u0142<\/td><\/tr><tr><td>1.9<\/td><td>beczka asenizacyjna \u2013 przydomowa oczyszczalnia [kurs]* *do ceny nale\u017cy dolcizy\u0107 dojazd i powr\u00f3t<\/td><td><\/td><td>300 z\u0142<\/td><td>369 z\u0142<\/td><\/tr><tr><td rowspan=\"2\">1.10<\/td><td rowspan=\"2\">udro\u017cenienie przy\u0142\u0105cza kanalizacji sanitarnej\/wewn\u0119trznej instalacji kanalizacji sanitarnej narz\u0119dziami r\u0119cznymi<\/td><td>w godzinach pracy<\/td><td>230 z\u0142\/h<\/td><td>282,90 z\u0142\/h<\/td><\/tr><tr><td>poza godzinami pracy<\/td><td>330 z\u0142\/h<\/td><td>405,90 z\u0142\/h<\/td><\/tr><tr><td rowspan=\"2\">1.11<\/td><td rowspan=\"2\">udro\u017cenienie zewn\u0119trznej kanalizacji samochodem p\u0142ucz\u0105cym* *do ceny nale\u017cy doliczy\u0107 dojazd i powr\u00f3t<\/td><td>w godzinach pracy<\/td><td>370 z\u0142\/h<\/td><td>455,10 z\u0142\/h<\/td><\/tr><tr><td>poza godzinami pracy<\/td><td>440 z\u0142\/h<\/td><td>541,20 z\u0142\/h<\/td><\/tr><tr><td>1.12<\/td><td>otwarcie przy\u0142\u0105cza kanalizacyjnego zad\u0142u\u017conemu klientowi po uregulowaniu nale\u017cyno\u015bci* *do ceny nale\u017cy doliczy\u0107 dojazd i powr\u00f3t<\/td><td><\/td><td>260 z\u0142<\/td><td>319,90 z\u0142<\/td><\/tr><tr><td rowspan=\"2\">1.13<\/td><td rowspan=\"2\">wykywanie nieszczelno\u015bci po\u0142\u0105cze\u0144 kana\u0142u za pomoc\u0105 urz\u0105dzenia do zadymiania* *do ceny nale\u017cy doliczy\u0107 dojazd i powr\u00f3t<\/td><td>w godzinach pracy<\/td><td>185 z\u0142\/h<\/td><td>227,55 z\u0142\/h<\/td><\/tr><tr><td>poza godzinami pracy<\/td><td>285 z\u0142\/h<\/td><td>350,55 z\u0142\/h<\/td><\/tr><tr><td>1.14<\/td><td>wyjazd pogotowia Wod-Kan nie zwi\u0105zany z awari\u0105 lub eksploatacj\u0105 sieci wod-kan<\/td><td><\/td><td>200 z\u0142<\/td><td>246 z\u0142<\/td><\/tr><tr><td>1.15<\/td><td>usuni\u0119cie awarii na przy\u0142\u0105czu wodoci\u0105gowym\/kanalizacji sanitarnej* ** *cena nie uwzgl\u0119dnia cen materia\u0142\u00f3w ** do ceny nale\u017cy doliczyc dojazd i powr\u00f3t<\/td><td><\/td><td>130 z\u0142\/h \u2013 osoba<\/td><td>159,90 z\u0142\/h \u2013 osoba<\/td><\/tr><tr><td>1.16<\/td><td>usuni\u0119cie awarii na sieci wodoci\u0105gowym\/kanalizacji sanitarnej uszkodzonej podczas prowadzonych prac ziemnych przez podmiot zewn\u0119trzny* ** *cena nie uwzgl\u0119dnia cen materia\u0142\u00f3w **do ceny nale\u017cy doliczy\u0107 dojazd i powr\u00f3t<\/td><td><\/td><td>230 z\u0142\/h<\/td><td>282,90 z\u0142\/h<\/td><\/tr><tr><td>1.17<\/td><td>budowa odcinka siecia lub przy\u0142\u0105cza wodoci\u0105gowego\/kanalizacji sanitarnej<\/td><td>wg. indywidualnej wyceny<\/td><td><\/td><td><\/td><\/tr><tr><td>1.18<\/td><td>p\u0142ukanie sieci wodoci\u0105gowej* ** *do ceny nale\u017cy doliczy\u0107 straty wody wynikaj\u0105ce z p\u0142ukania sieci **do ceny nale\u017cy doliczy\u0107 dojazd i powr\u00f3t<\/td><td>za rozpocz\u0119t\u0105 godzin\u0119 pracy<\/td><td>100 z\u0142<\/td><td>123 z\u0142<\/td><\/tr><tr><td rowspan=\"3\">1.19<\/td><td rowspan=\"3\">dojazd<\/td><td>dojazd liczony z adresu sp\u00f3\u0142ki:<\/td><td colspan=\"2\"><\/td><\/tr><tr><td>samoch\u00f3d brygady<\/td><td>4,85 z\u0142\/km<\/td><td>5,69 z\u0142\/km<\/td><\/tr><tr><td>beczka<\/td><td>6,70 z\u0142\/km<\/td><td>8,24 z\u0142\/km<\/td><\/tr><\/tbody><\/table><\/figure>\n\n\n\n<p><strong>US\u0141UGI ZWI\u0104ZANE Z MONTA\u017bEM WODOMIERZY<\/strong><\/p>\n\n\n\n<figure class=\"wp-block-table\"><table><tbody><tr><td>2.1<\/td><td>monta\u017c wodomierza z wykonaniem obustronnego podej\u015bcia wodomierzowego* *do ceny nale\u017cy doliczy\u0107 dojazd i powr\u00f3t<\/td><td><\/td><td>170 z\u0142<\/td><td>209,10 z\u0142<\/td><\/tr><tr><td>2.2<\/td><td>monta\u017c wodomierza bez wykonania obustronnego podej\u015bcia wodomierzowego* *do ceny nale\u017cy doliczy\u0107 dojazd i powr\u00f3t<\/td><td><\/td><td>80 z\u0142<\/td><td>98,40 z\u0142<\/td><\/tr><tr><td>2.3<\/td><td>plombowanie wodomierza* *do ceny nale\u017cy doliczy\u0107 dojazd i powr\u00f3t<\/td><td><\/td><td>105 z\u0142<\/td><td>129,15 z\u0142<\/td><\/tr><tr><td>2.4<\/td><td>dodatkowy odczyt wodomierza* *do ceny nale\u017cy doliczy\u0107 dojazd i powr\u00f3t<\/td><td><\/td><td>105 z\u0142<\/td><td>129,15 z\u0142<\/td><\/tr><tr><td>2.5<\/td><td>sprawdzenie prawid\u0142owo\u015bci wskaza\u0144 wodomierza \u2013 cena nie zawiera koszt\u00f3w ekspertyzy* *do ceny nale\u017cy doliczy\u0107 dojazd i powr\u00f3t<\/td><td><\/td><td>150 z\u0142<\/td><td>184,50 z\u0142<\/td><\/tr><tr><td>2.6<\/td><td>wymiana uszkodzonego wodomierza z winy odbiorcy* ** *do ceny nale\u017cy doliczy\u0107 dojazd i powr\u00f3t **do ceny nale\u017cy doliczy\u0107 koszt wodomierza, nak\u0142adki<\/td><td><\/td><td>150 z\u0142<\/td><td>184,50 z\u0142<\/td><\/tr><tr><td>2.7<\/td><td>wymiana zaworu odcinaj\u0105cego przed lub za wodomierzem* ** *do ceny nale\u017cy doliczy\u0107 dojazd i powr\u00f3t ** do ceny nale\u017cy doliczy\u0107 koszt zaworu<\/td><td><\/td><td>30 z\u0142<\/td><td>36,90 z\u0142<\/td><\/tr><tr><td>2.8<\/td><td>odbi\u00f3r i zaplombowanie podlicznika na instalacji wewn\u0119trznej* *do ceny nale\u017cy doliczy\u0107 dojazd i powr\u00f3t<\/td><td><\/td><td>90 z\u0142<\/td><td>110,70 z\u0142<\/td><\/tr><tr><td>2.9<\/td><td>wypompowanie wody ze studni wodomierzowej w celu dokonania odczytu wodomierza* *do ceny nale\u017cy doliczy\u0107 dojazd i powr\u00f3t<\/td><td><\/td><td>40 z\u0142<\/td><td>49,20 z\u0142<\/td><\/tr><tr><td>2.10<\/td><td>dojazd<\/td><td><\/td><td>4,85 z\u0142\/km<\/td><td>5,96 z\u0142\/km<\/td><\/tr><\/tbody><\/table><\/figure>\n\n\n\n<p><strong>US\u0141UGI DZIA\u0141U TECHNICZNEGO<\/strong><\/p>\n\n\n\n<figure class=\"wp-block-table\"><table><tbody><tr><td>3.1<\/td><td>przygotowanie wyceny wykonania przy\u0142\u0105cza wod-kan<\/td><td>kwota za wycen\u0119 odliczana jest od wynagrodzenia za wykonanie sieci w przypadku zlecenia rob\u00f3t PUK Gietrzwa\u0142d Sp. z o.o.<\/td><td>100 z\u0142<\/td><td>123 z\u0142<\/td><\/tr><tr><td>3.2<\/td><td>przygotowanie wyceny wykonania sieci wod-kan<\/td><td>kwota za wycen\u0119 odliczana jest od wynagrodzenia za wykonanie sieci w przypadku zlecenia rob\u00f3t PUK Gietrzwa\u0142d Sp. z o.o.<\/td><td>300 z\u0142<\/td><td>369 z\u0142<\/td><\/tr><tr><td>3.3<\/td><td>wydanie promesy, warunk\u00f3w technicznych przy\u0142\u0105czenia do sieci wodoci\u0105gowej, kanalizacji<\/td><td><\/td><td colspan=\"2\">bezp\u0142atne<\/td><\/tr><tr><td>3.4<\/td><td>wydanie warunk\u00f3w technicznych na monta\u017c podwodomierza, uzgodnienie projektu technicznego przy\u0142\u0105czy wod-kan<\/td><td><\/td><td colspan=\"2\">bezp\u0142atne<\/td><\/tr><tr><td>3.5<\/td><td>uzgodnienie projektu technicznego sieci wodoci\u0105gowej lub kanalizacji sanitarnej<\/td><td><\/td><td>250 z\u0142<\/td><td>307,50 z\u0142<\/td><\/tr><tr><td rowspan=\"2\">3.6<\/td><td rowspan=\"2\">odbi\u00f3r wst\u0119pny w otwartym wykopie sieci wodoci\u0105gowej lub kanalizacji sanitarnej* *do ceny nale\u017cy doliczy\u0107 dojazd i powr\u00f3t<\/td><td>o d\u0142ugo\u015bci do 50 m<\/td><td>130 z\u0142<\/td><td>159,90 z\u0142<\/td><\/tr><tr><td>o d\u0142ugo\u015bci powy\u017cej 50 m<\/td><td>180 z\u0142<\/td><td>221,40 z\u0142<\/td><\/tr><tr><td>3.7<\/td><td>odbi\u00f3r ko\u0144cowy przy\u0142\u0105cza wodoci\u0105gowego lub kanalizacji sanitarnej* *op\u0142ata za dojazd i powr\u00f3t<\/td><td><\/td><td colspan=\"2\">bezp\u0142atne<\/td><\/tr><tr><td rowspan=\"2\">3.8<\/td><td rowspan=\"2\">odbi\u00f3r ko\u0144cowy sieci wodoci\u0105gowej lub kanalizacji sanitarnej* *do ceny nale\u017cy doliczy\u0107 dojazd i powr\u00f3t<\/td><td>o d\u0142ugo\u015bci do 50 m<\/td><td>130 z\u0142<\/td><td>159,90 z\u0142<\/td><\/tr><tr><td>o d\u0142ugo\u015bci powy\u017cej 50 m<\/td><td>180 z\u0142<\/td><td>221,40 z\u0142<\/td><\/tr><tr><td>3.9<\/td><td>wykonanie dokumentacji projektowej<\/td><td>wg. Indywidualnej wyceny<\/td><td><\/td><td><\/td><\/tr><tr><td rowspan=\"3\">4.0<\/td><td rowspan=\"3\">sprawdzenie przy\u0142\u0105cza wodno-kanalizacjynego wykonanego przed 2020 rokiem bez wydanych warunk\u00f3w technicznych oraz wymaganych prawem odbior\u00f3w technicznych wykonanych przez upowa\u017cnionego przedstawiciela Gminy Gietrzwa\u0142d<\/td><td>przy\u0142\u0105cze wodoci\u0105gowe<\/td><td>1000 z\u0142<\/td><td>1230 z\u0142<\/td><\/tr><tr><td>przy\u0142\u0105cze kanalizacyjne<\/td><td>1000 z\u0142<\/td><td>1230 z\u0142<\/td><\/tr><tr><td>przy\u0142\u0105cze wodno-kanalizacyjne (\u0142\u0105cznie)<\/td><td>1500 z\u0142<\/td><td>1845 z\u0142<\/td><\/tr><\/tbody><\/table><\/figure>\n\n\n\n<p><strong>WYNAJEM SPRZ\u0118TU CI\u0118\u017bKIEGO<\/strong><\/p>\n\n\n\n<figure class=\"wp-block-table\"><table><tbody><tr><td>4.1<\/td><td>koparko-\u0142adowarka JCB<\/td><td>za ka\u017cd\u0105 rozpocz\u0119t\u0105 godzin\u0119 pracy (w tym dojazd)<\/td><td>170 z\u0142\/h<\/td><td>196,80 z\u0142\/h<\/td><\/tr><tr><td>4.2<\/td><td>ci\u0105gnik z przyczep\u0105 lub kosiark\u0105<\/td><td>za ka\u017cd\u0105 rozpocz\u0119t\u0105 godzin\u0119 pracy (w tym dojazd)<\/td><td>120 z\u0142\/h<\/td><td><\/td><\/tr><\/tbody><\/table><\/figure>\n","protected":false},"excerpt":{"rendered":"<p>Taryfy dla zbiorowego zaopatrzenia w wod\u0119 i zbiorowego odprowadzenia \u015bciek\u00f3w Decyzja GD.RZT.70.102.331.2022_D.DP Us\u0142ugi wodoci\u0105gowo-kanalizacyjne wykonywane przez pracownik\u00f3w sieci wod-kan US\u0141UGI EKSPLOATACJI SIECI WODNO-KANALIZACYJNEJ 1.1 Zamkni\u0119cie odcinka sieci wodoci\u0105gowej \/planowane w\u0142\u0105czenie, przer\u00f3bki, wcinki\/ * do ceny nale\u017cy doliczy\u0107 straty wody wynikaj\u0105ce z odwodnienia i p\u0142ukania sieci * do ceny nale\u017cy doliczy\u0107 dojazd i powr\u00f3t netto brutto [&hellip;]<\/p>\n","protected":false},"author":2,"featured_media":0,"parent":0,"menu_order":0,"comment_status":"closed","ping_status":"closed","template":"","meta":{"footnotes":""},"class_list":["post-96","page","type-page","status-publish","hentry"],"_links":{"self":[{"href":"https:\/\/pukg.pl\/index.php?rest_route=\/wp\/v2\/pages\/96","targetHints":{"allow":["GET"]}}],"collection":[{"href":"https:\/\/pukg.pl\/index.php?rest_route=\/wp\/v2\/pages"}],"about":[{"href":"https:\/\/pukg.pl\/index.php?rest_route=\/wp\/v2\/types\/page"}],"author":[{"embeddable":true,"href":"https:\/\/pukg.pl\/index.php?rest_route=\/wp\/v2\/users\/2"}],"replies":[{"embeddable":true,"href":"https:\/\/pukg.pl\/index.php?rest_route=%2Fwp%2Fv2%2Fcomments&post=96"}],"version-history":[{"count":3,"href":"https:\/\/pukg.pl\/index.php?rest_route=\/wp\/v2\/pages\/96\/revisions"}],"predecessor-version":[{"id":149,"href":"https:\/\/pukg.pl\/index.php?rest_route=\/wp\/v2\/pages\/96\/revisions\/149"}],"wp:attachment":[{"href":"https:\/\/pukg.pl\/index.php?rest_route=%2Fwp%2Fv2%2Fmedia&parent=96"}],"curies":[{"name":"wp","href":"https:\/\/api.w.org\/{rel}","templated":true}]}}